{"id":869,"date":"2021-03-26T12:58:44","date_gmt":"2021-03-26T10:58:44","guid":{"rendered":"http:\/\/www.labarberia.net\/aviso-legal\/"},"modified":"2021-11-09T12:52:41","modified_gmt":"2021-11-09T10:52:41","slug":"legal-advice","status":"publish","type":"page","link":"https:\/\/www.labarberia.net\/en\/legal-advice\/","title":{"rendered":"Legal advice"},"content":{"rendered":"\t\t<div data-elementor-type=\"wp-page\" data-elementor-id=\"869\" class=\"elementor elementor-869 elementor-858\" data-elementor-post-type=\"page\">\n\t\t\t\t\t\t<section class=\"elementor-section elementor-top-section elementor-element elementor-element-3a68234f elementor-section-boxed elementor-section-height-default elementor-section-height-default\" data-id=\"3a68234f\" data-element_type=\"section\" id=\"legal\">\n\t\t\t\t\t\t<div class=\"elementor-container elementor-column-gap-default\">\n\t\t\t\t\t<div class=\"elementor-column elementor-col-100 elementor-top-column elementor-element elementor-element-5d5dbd5\" data-id=\"5d5dbd5\" data-element_type=\"column\">\n\t\t\t<div class=\"elementor-widget-wrap elementor-element-populated\">\n\t\t\t\t\t\t<div class=\"elementor-element elementor-element-c5578bf elementor-widget elementor-widget-heading\" data-id=\"c5578bf\" data-element_type=\"widget\" data-widget_type=\"heading.default\">\n\t\t\t\t<div class=\"elementor-widget-container\">\n\t\t\t\t\t<h2 class=\"elementor-heading-title elementor-size-default\">AVISO LEGAL<\/h2>\t\t\t\t<\/div>\n\t\t\t\t<\/div>\n\t\t\t\t<div class=\"elementor-element elementor-element-785a383b elementor-widget elementor-widget-text-editor\" data-id=\"785a383b\" data-element_type=\"widget\" data-widget_type=\"text-editor.default\">\n\t\t\t\t<div class=\"elementor-widget-container\">\n\t\t\t\t\t\t\t\t\t<p>El titular de la web&nbsp;<a href=\"http:\/\/www.labarberia.net\/\">www.labarberia.net<\/a>&nbsp;es propiedad de&nbsp;<strong>Jordi P\u00e9rez<\/strong>.<\/p>\n<p><strong>Domicilio<\/strong>:&nbsp;Torrent de l&#8217;Olla, 198, 08012&nbsp;Barcelona<\/p>\n<p><strong>NIF<\/strong>:&nbsp;J66388166<\/p>\n<p><strong>Correo electr\u00f3nico<\/strong>:&nbsp;<a href=\"mailto:labarberia@labarberia.net\">labarberia@labarberia.net<\/a><\/p>\n<p><strong>Tel\u00e9fono:&nbsp;<\/strong>93 217 33 95<\/p>\n<p><strong>Utilizaci\u00f3n y funcionamiento de la web<\/strong><\/p>\n<p>El usuario se compromete a hacer un uso diligente de la web, as\u00ed como de la informaci\u00f3n que se incluye, con total sujeci\u00f3n a la normativa aplicable, en el Aviso Legal y al resto de t\u00e9rminos y condiciones que se incluyan en la web.<\/p>\n<p>Igualmente, el usuario se compromete a no realizar ning\u00fan acto con objeto de da\u00f1ar, inutilizar o sobrecargar la web, o que impida, de cualquier forma, la normal utilizaci\u00f3n y funcionamiento del mismo.<\/p>\n<p>En el supuesto de que se incumpla el Aviso Legal o el resto de t\u00e9rminos y condiciones de la web, el titular se reserva el derecho de limitar, suspender y terminar el acceso a la web, adoptando cualquier medida t\u00e9cnica que sea necesaria.<\/p>\n<p>El titular hace los mejores esfuerzos para mantener la web en buen funcionamiento, evitando errores o, en su caso, repar\u00e1ndolos y manteniendo los contenidos de la web debidamente actualizados. Sin embargo, el titular no garantiza la disponibilidad y continuidad en el acceso a la web ni la inexistencia de errores en sus contenidos, as\u00ed como tampoco que estos \u00faltimos sean oportunamente actualizados.<\/p>\n<p><strong>Responsabilidad<\/strong><\/p>\n<p>Tanto el acceso al web como el uso que pueda hacerse de cualquier informaci\u00f3n que contenga se realizan bajo la responsabilidad exclusiva del usuario.<\/p>\n<p>En el supuesto de que se hagan compras, el usuario tambi\u00e9n ser\u00e1 responsable de conocer las caracter\u00edsticas, costes y uso del m\u00e9todo de pago, as\u00ed como de tener suficiente saldo para poder realizar la operaci\u00f3n.<\/p>\n<p>El titular no se responsabiliza de ning\u00fan da\u00f1o o perjuicio que pudiera derivarse, directa o indirectamente, del acceso o uso de la informaci\u00f3n contenida en la web, incluyendo los producidos en los sistemas inform\u00e1ticos o los provocados por la introducci\u00f3n de virus o ataques inform\u00e1ticos . Tampoco ser\u00e1 responsable de los da\u00f1os que puedan sufrir los usuarios por un uso inadecuado de la web ni de las ca\u00eddas, interrupciones, ausencia o defecto en las comunicaciones y \/ o Internet.<\/p>\n<p>Adicionalmente, el titular no se hace responsable de ning\u00fan da\u00f1o o perjuicio en el software o hardware del usuario que se derive del acceso o uso de la web.<\/p>\n<p>El usuario responder\u00e1 de los da\u00f1os y perjuicios que el titular pueda sufrir como consecuencia del incumplimiento de cualquiera de las obligaciones a que quede sometido en virtud del Aviso Legal, de la legislaci\u00f3n aplicable y \/ o del resto de pol\u00edticas del web.<\/p>\n<p><strong>Propiedad Industrial e Intelectual<\/strong><\/p>\n<p>Todos los derechos de propiedad intelectual sobre los dise\u00f1os, bases de datos, programaci\u00f3n, los elementos que integran la web (textos, gr\u00e1ficos, fotograf\u00edas, v\u00eddeos, grabaciones sonoras, combinaciones de colores, contenidos, etc) , as\u00ed como la estructura, selecci\u00f3n y orden, son propiedad del titular o de sus leg\u00edtimos licenciantes.<\/p>\n<p>El uso de la web no supone la cesi\u00f3n de ning\u00fan derecho de propiedad intelectual y \/ o industrial sobre el sitio web y sus contenidos.<\/p>\n<p>Queda expresamente prohibida la reproducci\u00f3n, transformaci\u00f3n, distribuci\u00f3n, comunicaci\u00f3n p\u00fablica, puesta a disposici\u00f3n, extracci\u00f3n o cualquier otra forma de difusi\u00f3n no autorizadas expresamente la web, sus contenidos o los signos distintivos del titular.<\/p>\n<p>La utilizaci\u00f3n no autorizada de los contenidos, as\u00ed como los perjuicios ocasionados en los derechos de propiedad intelectual e industrial del titular, podr\u00e1n dar lugar al ejercicio de las acciones que legalmente le correspondan, ya las responsabilidades que, en su caso, se deriven.<\/p>\n\t\t\t\t\t\t\t\t<\/div>\n\t\t\t\t<\/div>\n\t\t\t\t\t<\/div>\n\t\t<\/div>\n\t\t\t\t\t<\/div>\n\t\t<\/section>\n\t\t\t\t<section class=\"elementor-section elementor-top-section elementor-element elementor-element-4799148 elementor-section-boxed elementor-section-height-default elementor-section-height-default\" data-id=\"4799148\" data-element_type=\"section\" id=\"privacy\">\n\t\t\t\t\t\t<div class=\"elementor-container elementor-column-gap-default\">\n\t\t\t\t\t<div class=\"elementor-column elementor-col-100 elementor-top-column elementor-element elementor-element-76e5b30\" data-id=\"76e5b30\" data-element_type=\"column\">\n\t\t\t<div class=\"elementor-widget-wrap elementor-element-populated\">\n\t\t\t\t\t\t<div class=\"elementor-element elementor-element-fffa1b9 elementor-widget elementor-widget-heading\" data-id=\"fffa1b9\" data-element_type=\"widget\" data-widget_type=\"heading.default\">\n\t\t\t\t<div class=\"elementor-widget-container\">\n\t\t\t\t\t<h2 class=\"elementor-heading-title elementor-size-default\">POL\u00cdTICA DE PRIVACIDAD<\/h2>\t\t\t\t<\/div>\n\t\t\t\t<\/div>\n\t\t\t\t<div class=\"elementor-element elementor-element-eeb0a6c elementor-widget elementor-widget-text-editor\" data-id=\"eeb0a6c\" data-element_type=\"widget\" data-widget_type=\"text-editor.default\">\n\t\t\t\t<div class=\"elementor-widget-container\">\n\t\t\t\t\t\t\t\t\t<p><strong>Responsable de tratamiento de datos.<\/strong><\/p>\n<p>El responsable del tratamiento de los datos personales es:<\/p>\n<p><strong>La Barberia de Gr\u00e0cia<br \/><\/strong><\/p>\n<p><strong>Domicilio<\/strong>:\u00a0<span lang=\"EN-US\">Rabassa, 46-48 2n 3a Esc.\u00a0<\/span>A, 08024 Barcelona<\/p>\n<p><strong>NIF<\/strong>:\u00a0<span lang=\"ES-TRAD\">J66388166<\/span><\/p>\n<p><strong>Correo electr\u00f3nico<\/strong>:\u00a0<a href=\"mailto:labarberia@labarberia.net\">labarberia@labarberia.net<\/a><\/p>\n<p><strong>Finalidad<\/strong><\/p>\n<p>Tratamos vuestros datos personales para gestionar las peticiones, para el env\u00edo de comunicaciones informativas y comerciales, y para gestionar pedidos y servicios contratados.<\/p>\n<p><strong>Legitimaci\u00f3n<\/strong><\/p>\n<p>La base legal para el tratamiento de datos es el consentimiento del interesado.<\/p>\n<p><strong>Conservaci\u00f3n<\/strong><\/p>\n<p>Vuestros datos personales se conservar\u00e1n mientras no se solicite la supresi\u00f3n. En el caso de compras o contrataci\u00f3n de servicios los datos se mantendr\u00e1n, como m\u00ednimo, en conformidad con la normativa vigente.<\/p>\n<p><strong>Comunicaci\u00f3n de los datos<\/strong><\/p>\n<p>Vuestros\u00a0datos se podr\u00e1n comunicar a entidades vinculadas a La Barber\u00eda de Gr\u00e0cia y, en el casos que sea imprescindible, a las empresas responsables de ejecutar operaciones vinculadas a los servicios contratados, como por ejemplo, una empresa de mensajer\u00eda.<\/p>\n<p><strong>Derechos sobre sus datos<\/strong><\/p>\n<p>Podr\u00e9is acceder a sus datos personales, as\u00ed como solicitar la rectificaci\u00f3n o, si se tercia, solicitar la cancelaci\u00f3n o supresi\u00f3n cuando ya no sean necesarias para las finalidades que fueron recogidas. Tambi\u00e9n podeis\u00a0solicitar la limitaci\u00f3n y oposici\u00f3n al tratamiento.<\/p>\n<p>Igualmente, podr\u00e9is revocar el consentimiento para el env\u00edo de comunicaciones comerciales y ejercer estos derechos mediante el env\u00edo de un correo electr\u00f3nico a\u00a0<a href=\"mailto:labarberia@labarberia.net\">labarberia@labarberia.net<\/a><\/p>\n\t\t\t\t\t\t\t\t<\/div>\n\t\t\t\t<\/div>\n\t\t\t\t\t<\/div>\n\t\t<\/div>\n\t\t\t\t\t<\/div>\n\t\t<\/section>\n\t\t\t\t<section class=\"elementor-section elementor-top-section elementor-element elementor-element-b12d08f elementor-section-boxed elementor-section-height-default elementor-section-height-default\" data-id=\"b12d08f\" data-element_type=\"section\" id=\"cookies\">\n\t\t\t\t\t\t<div class=\"elementor-container elementor-column-gap-default\">\n\t\t\t\t\t<div class=\"elementor-column elementor-col-100 elementor-top-column elementor-element elementor-element-cc745eb\" data-id=\"cc745eb\" data-element_type=\"column\">\n\t\t\t<div class=\"elementor-widget-wrap elementor-element-populated\">\n\t\t\t\t\t\t<div class=\"elementor-element elementor-element-75fcc21 elementor-widget elementor-widget-heading\" data-id=\"75fcc21\" data-element_type=\"widget\" data-widget_type=\"heading.default\">\n\t\t\t\t<div class=\"elementor-widget-container\">\n\t\t\t\t\t<h2 class=\"elementor-heading-title elementor-size-default\">POL\u00cdTICA DE COOKIES<\/h2>\t\t\t\t<\/div>\n\t\t\t\t<\/div>\n\t\t\t\t<div class=\"elementor-element elementor-element-d66dccd elementor-widget elementor-widget-text-editor\" data-id=\"d66dccd\" data-element_type=\"widget\" data-widget_type=\"text-editor.default\">\n\t\t\t\t<div class=\"elementor-widget-container\">\n\t\t\t\t\t\t\t\t\t<p>Las cookies son un mecanismo de recogida de informaci\u00f3n relativa a las preferencias y configuraci\u00f3n de vuestro navegador con el fin de reconoceros como usuarios recurrentes, personalizar el uso y facilitar una navegaci\u00f3n m\u00e1s \u00fatil.<\/p>\n<p>Mediante el acceso y uso del web, acept\u00e1is que La Barber\u00eda de Gr\u00e0cia puede utilizar cookies propias y de terceros (en concreto, Google Analytics, Facebook, Instagram y Youtube), de sesi\u00f3n y permanentes, con el fin de permitir la navegaci\u00f3n a trav\u00e9s del web con caracter\u00edsticas predefinidas, el seguimiento y an\u00e1lisis del comportamiento y la gesti\u00f3n de espacios publicitarios.<\/p>\n<p>En caso de que dese\u00e9is rechazar la utilizaci\u00f3n de cookies, puedes tener limitado el uso de algunas prestaciones del web. Si continu\u00e1is navegando por el web, implica que acept\u00e1is su uso.<\/p>\n<p>Ten\u00e9is la posibilidad de configurar vuestro navegador para que sea informado de la recepci\u00f3n de cookies, con la posibilidad, si lo dese\u00e1is, de impedir que se instalen a vuestro disco llevar. Seg\u00fan el tipo de navegador que utiliz\u00e1is pod\u00e9is deshabilitar el uso de las cookies a:<\/p>\n<ul>\n<li dir=\"ltr\">\n<p dir=\"ltr\"><a href=\"https:\/\/support.google.com\/chrome\/answer\/95647?hl=ca\" target=\"_blank\" rel=\"noopener\">Google Chrome<\/a><\/p>\n<\/li>\n<li dir=\"ltr\">\n<p dir=\"ltr\"><a href=\"https:\/\/support.mozilla.org\/es\/kb\/habilitar-y-deshabilitar-cookies-sitios-web-rastrear-preferencias?redirectlocale=es&amp;redirectslug=habilitar-y-deshabilitar-cookies-que-los-sitios-we\" target=\"_blank\" rel=\"noopener\">Mozilla Firefox<\/a><\/p>\n<\/li>\n<li dir=\"ltr\">\n<p dir=\"ltr\"><a href=\"http:\/\/windows.microsoft.com\/ca-es\/windows-vista\/block-or-allow-cookies\" target=\"_blank\" rel=\"noopener\">Internet Explorer<\/a><\/p>\n<\/li>\n<li dir=\"ltr\">\n<p dir=\"ltr\"><a href=\"http:\/\/support.apple.com\/kb\/ph5042\" target=\"_blank\" rel=\"noopener\">Safari<\/a><\/p>\n<\/li>\n<li dir=\"ltr\">\n<p dir=\"ltr\"><a href=\"http:\/\/support.apple.com\/kb\/ht1677?viewlocale=ca_es&amp;locale=ca_es\" target=\"_blank\" rel=\"noopener\">Safari per a IOS (iPhone i iPad)<\/a><\/p>\n<\/li>\n<li dir=\"ltr\">\n<p dir=\"ltr\"><a href=\"https:\/\/support.google.com\/chrome\/answer\/2392971?hl=ca\" target=\"_blank\" rel=\"noopener\">Chrome per a Android<\/a><\/p>\n<\/li>\n<\/ul>\n<p dir=\"ltr\">En los siguientes enlaces pod\u00e9is consultar la pol\u00edtica de cookies, de las redes sociales con las que estamos vinculados:<\/p>\n<ul>\n<li>\n<p><a href=\"https:\/\/policies.google.com\/privacy?hl=es&amp;gl=es\" target=\"_blank\" rel=\"noopener\">Google<\/a><\/p>\n<\/li>\n<li>\n<p><a href=\"https:\/\/www.facebook.com\/about\/privacy\" target=\"_blank\" rel=\"noopener\">Facebook<\/a><\/p>\n<\/li>\n<li>\n<p><a href=\"https:\/\/twitter.com\/en\/privacy\" target=\"_blank\" rel=\"noopener\">Twitter<\/a><\/p>\n<\/li>\n<li>\n<p><a href=\"https:\/\/help.instagram.com\/155833707900388\" target=\"_blank\" rel=\"noopener\">Instagram<\/a><\/p>\n<\/li>\n<li>\n<p><a href=\"https:\/\/support.google.com\/youtube\/answer\/7671399?p=privacy_guidelines&amp;hl=ca&amp;visit_id=1-636628307736261453-1360177740&amp;rd=1\" target=\"_blank\" rel=\"noopener\">Youtube<\/a><\/p>\n<\/li>\n<\/ul>\n\t\t\t\t\t\t\t\t<\/div>\n\t\t\t\t<\/div>\n\t\t\t\t\t<\/div>\n\t\t<\/div>\n\t\t\t\t\t<\/div>\n\t\t<\/section>\n\t\t\t\t<\/div>\n\t\t","protected":false},"excerpt":{"rendered":"<p>AVISO LEGAL El titular de la web&nbsp;www.labarberia.net&nbsp;es propiedad de&nbsp;Jordi P\u00e9rez. Domicilio:&nbsp;Torrent de l&#8217;Olla, 198, 08012&nbsp;Barcelona NIF:&nbsp;J66388166 Correo electr\u00f3nico:&nbsp;labarberia@labarberia.net Tel\u00e9fono:&nbsp;93 217 33 95 Utilizaci\u00f3n y funcionamiento de la web El usuario se compromete a hacer un uso diligente de la web, as\u00ed como de la informaci\u00f3n que se incluye, con total sujeci\u00f3n a la normativa aplicable, [&hellip;]<\/p>\n","protected":false},"author":1,"featured_media":0,"parent":0,"menu_order":0,"comment_status":"closed","ping_status":"closed","template":"","meta":{"footnotes":""},"categories":[],"tags":[],"class_list":["post-869","page","type-page","status-publish","hentry"],"acf":[],"yoast_head":"<!-- This site is optimized with the Yoast SEO plugin v25.3.1 - https:\/\/yoast.com\/wordpress\/plugins\/seo\/ -->\n<title>Legal advice - La Barberia de Gr\u00e0cia<\/title>\n<meta name=\"robots\" content=\"index, follow, max-snippet:-1, max-image-preview:large, max-video-preview:-1\" \/>\n<link rel=\"canonical\" href=\"https:\/\/www.labarberia.net\/en\/legal-advice\/\" \/>\n<meta property=\"og:locale\" content=\"en_US\" \/>\n<meta property=\"og:type\" content=\"article\" \/>\n<meta property=\"og:title\" content=\"Legal advice - La Barberia de Gr\u00e0cia\" \/>\n<meta property=\"og:description\" content=\"AVISO LEGAL El titular de la web&nbsp;www.labarberia.net&nbsp;es propiedad de&nbsp;Jordi P\u00e9rez. Domicilio:&nbsp;Torrent de l&#8217;Olla, 198, 08012&nbsp;Barcelona NIF:&nbsp;J66388166 Correo electr\u00f3nico:&nbsp;labarberia@labarberia.net Tel\u00e9fono:&nbsp;93 217 33 95 Utilizaci\u00f3n y funcionamiento de la web El usuario se compromete a hacer un uso diligente de la web, as\u00ed como de la informaci\u00f3n que se incluye, con total sujeci\u00f3n a la normativa aplicable, [&hellip;]\" \/>\n<meta property=\"og:url\" content=\"https:\/\/www.labarberia.net\/en\/legal-advice\/\" \/>\n<meta property=\"og:site_name\" content=\"La Barberia de Gr\u00e0cia\" \/>\n<meta property=\"article:publisher\" content=\"https:\/\/www.facebook.com\/la.barberia.de.gracia\" \/>\n<meta property=\"article:modified_time\" content=\"2021-11-09T10:52:41+00:00\" \/>\n<meta name=\"twitter:card\" content=\"summary_large_image\" \/>\n<meta name=\"twitter:site\" content=\"@jordilabarberia\" \/>\n<meta name=\"twitter:label1\" content=\"Est. reading time\" \/>\n\t<meta name=\"twitter:data1\" content=\"6 minutes\" \/>\n<script type=\"application\/ld+json\" class=\"yoast-schema-graph\">{\"@context\":\"https:\/\/schema.org\",\"@graph\":[{\"@type\":\"WebPage\",\"@id\":\"https:\/\/www.labarberia.net\/en\/legal-advice\/\",\"url\":\"https:\/\/www.labarberia.net\/en\/legal-advice\/\",\"name\":\"Legal advice - La Barberia de Gr\u00e0cia\",\"isPartOf\":{\"@id\":\"https:\/\/www.labarberia.net\/#website\"},\"datePublished\":\"2021-03-26T10:58:44+00:00\",\"dateModified\":\"2021-11-09T10:52:41+00:00\",\"breadcrumb\":{\"@id\":\"https:\/\/www.labarberia.net\/en\/legal-advice\/#breadcrumb\"},\"inLanguage\":\"en-US\",\"potentialAction\":[{\"@type\":\"ReadAction\",\"target\":[\"https:\/\/www.labarberia.net\/en\/legal-advice\/\"]}]},{\"@type\":\"BreadcrumbList\",\"@id\":\"https:\/\/www.labarberia.net\/en\/legal-advice\/#breadcrumb\",\"itemListElement\":[{\"@type\":\"ListItem\",\"position\":1,\"name\":\"Home\",\"item\":\"https:\/\/www.labarberia.net\/ca\/\"},{\"@type\":\"ListItem\",\"position\":2,\"name\":\"Legal advice\"}]},{\"@type\":\"WebSite\",\"@id\":\"https:\/\/www.labarberia.net\/#website\",\"url\":\"https:\/\/www.labarberia.net\/\",\"name\":\"La Barberia de Gr\u00e0cia\",\"description\":\"Peluqueria masculina para hombres\",\"publisher\":{\"@id\":\"https:\/\/www.labarberia.net\/#organization\"},\"potentialAction\":[{\"@type\":\"SearchAction\",\"target\":{\"@type\":\"EntryPoint\",\"urlTemplate\":\"https:\/\/www.labarberia.net\/?s={search_term_string}\"},\"query-input\":{\"@type\":\"PropertyValueSpecification\",\"valueRequired\":true,\"valueName\":\"search_term_string\"}}],\"inLanguage\":\"en-US\"},{\"@type\":\"Organization\",\"@id\":\"https:\/\/www.labarberia.net\/#organization\",\"name\":\"La Barberia de Gr\u00e0cia\",\"url\":\"https:\/\/www.labarberia.net\/\",\"logo\":{\"@type\":\"ImageObject\",\"inLanguage\":\"en-US\",\"@id\":\"https:\/\/www.labarberia.net\/#\/schema\/logo\/image\/\",\"url\":\"https:\/\/www.labarberia.net\/wp-content\/uploads\/2021\/06\/LogoLaBarberia-black.png\",\"contentUrl\":\"https:\/\/www.labarberia.net\/wp-content\/uploads\/2021\/06\/LogoLaBarberia-black.png\",\"width\":1782,\"height\":144,\"caption\":\"La Barberia de Gr\u00e0cia\"},\"image\":{\"@id\":\"https:\/\/www.labarberia.net\/#\/schema\/logo\/image\/\"},\"sameAs\":[\"https:\/\/www.facebook.com\/la.barberia.de.gracia\",\"https:\/\/x.com\/jordilabarberia\",\"https:\/\/www.instagram.com\/labarberia\"]}]}<\/script>\n<!-- \/ Yoast SEO plugin. -->","yoast_head_json":{"title":"Legal advice - La Barberia de Gr\u00e0cia","robots":{"index":"index","follow":"follow","max-snippet":"max-snippet:-1","max-image-preview":"max-image-preview:large","max-video-preview":"max-video-preview:-1"},"canonical":"https:\/\/www.labarberia.net\/en\/legal-advice\/","og_locale":"en_US","og_type":"article","og_title":"Legal advice - La Barberia de Gr\u00e0cia","og_description":"AVISO LEGAL El titular de la web&nbsp;www.labarberia.net&nbsp;es propiedad de&nbsp;Jordi P\u00e9rez. Domicilio:&nbsp;Torrent de l&#8217;Olla, 198, 08012&nbsp;Barcelona NIF:&nbsp;J66388166 Correo electr\u00f3nico:&nbsp;labarberia@labarberia.net Tel\u00e9fono:&nbsp;93 217 33 95 Utilizaci\u00f3n y funcionamiento de la web El usuario se compromete a hacer un uso diligente de la web, as\u00ed como de la informaci\u00f3n que se incluye, con total sujeci\u00f3n a la normativa aplicable, [&hellip;]","og_url":"https:\/\/www.labarberia.net\/en\/legal-advice\/","og_site_name":"La Barberia de Gr\u00e0cia","article_publisher":"https:\/\/www.facebook.com\/la.barberia.de.gracia","article_modified_time":"2021-11-09T10:52:41+00:00","twitter_card":"summary_large_image","twitter_site":"@jordilabarberia","twitter_misc":{"Est. reading time":"6 minutes"},"schema":{"@context":"https:\/\/schema.org","@graph":[{"@type":"WebPage","@id":"https:\/\/www.labarberia.net\/en\/legal-advice\/","url":"https:\/\/www.labarberia.net\/en\/legal-advice\/","name":"Legal advice - La Barberia de Gr\u00e0cia","isPartOf":{"@id":"https:\/\/www.labarberia.net\/#website"},"datePublished":"2021-03-26T10:58:44+00:00","dateModified":"2021-11-09T10:52:41+00:00","breadcrumb":{"@id":"https:\/\/www.labarberia.net\/en\/legal-advice\/#breadcrumb"},"inLanguage":"en-US","potentialAction":[{"@type":"ReadAction","target":["https:\/\/www.labarberia.net\/en\/legal-advice\/"]}]},{"@type":"BreadcrumbList","@id":"https:\/\/www.labarberia.net\/en\/legal-advice\/#breadcrumb","itemListElement":[{"@type":"ListItem","position":1,"name":"Home","item":"https:\/\/www.labarberia.net\/ca\/"},{"@type":"ListItem","position":2,"name":"Legal advice"}]},{"@type":"WebSite","@id":"https:\/\/www.labarberia.net\/#website","url":"https:\/\/www.labarberia.net\/","name":"La Barberia de Gr\u00e0cia","description":"Peluqueria masculina para hombres","publisher":{"@id":"https:\/\/www.labarberia.net\/#organization"},"potentialAction":[{"@type":"SearchAction","target":{"@type":"EntryPoint","urlTemplate":"https:\/\/www.labarberia.net\/?s={search_term_string}"},"query-input":{"@type":"PropertyValueSpecification","valueRequired":true,"valueName":"search_term_string"}}],"inLanguage":"en-US"},{"@type":"Organization","@id":"https:\/\/www.labarberia.net\/#organization","name":"La Barberia de Gr\u00e0cia","url":"https:\/\/www.labarberia.net\/","logo":{"@type":"ImageObject","inLanguage":"en-US","@id":"https:\/\/www.labarberia.net\/#\/schema\/logo\/image\/","url":"https:\/\/www.labarberia.net\/wp-content\/uploads\/2021\/06\/LogoLaBarberia-black.png","contentUrl":"https:\/\/www.labarberia.net\/wp-content\/uploads\/2021\/06\/LogoLaBarberia-black.png","width":1782,"height":144,"caption":"La Barberia de Gr\u00e0cia"},"image":{"@id":"https:\/\/www.labarberia.net\/#\/schema\/logo\/image\/"},"sameAs":["https:\/\/www.facebook.com\/la.barberia.de.gracia","https:\/\/x.com\/jordilabarberia","https:\/\/www.instagram.com\/labarberia"]}]}},"_links":{"self":[{"href":"https:\/\/www.labarberia.net\/en\/wp-json\/wp\/v2\/pages\/869","targetHints":{"allow":["GET"]}}],"collection":[{"href":"https:\/\/www.labarberia.net\/en\/wp-json\/wp\/v2\/pages"}],"about":[{"href":"https:\/\/www.labarberia.net\/en\/wp-json\/wp\/v2\/types\/page"}],"author":[{"embeddable":true,"href":"https:\/\/www.labarberia.net\/en\/wp-json\/wp\/v2\/users\/1"}],"replies":[{"embeddable":true,"href":"https:\/\/www.labarberia.net\/en\/wp-json\/wp\/v2\/comments?post=869"}],"version-history":[{"count":5,"href":"https:\/\/www.labarberia.net\/en\/wp-json\/wp\/v2\/pages\/869\/revisions"}],"predecessor-version":[{"id":3083,"href":"https:\/\/www.labarberia.net\/en\/wp-json\/wp\/v2\/pages\/869\/revisions\/3083"}],"wp:attachment":[{"href":"https:\/\/www.labarberia.net\/en\/wp-json\/wp\/v2\/media?parent=869"}],"wp:term":[{"taxonomy":"category","embeddable":true,"href":"https:\/\/www.labarberia.net\/en\/wp-json\/wp\/v2\/categories?post=869"},{"taxonomy":"post_tag","embeddable":true,"href":"https:\/\/www.labarberia.net\/en\/wp-json\/wp\/v2\/tags?post=869"}],"curies":[{"name":"wp","href":"https:\/\/api.w.org\/{rel}","templated":true}]}}