{"id":874,"date":"2021-03-26T13:02:35","date_gmt":"2021-03-26T11:02:35","guid":{"rendered":"http:\/\/www.labarberia.net\/contacte\/"},"modified":"2023-05-10T17:03:17","modified_gmt":"2023-05-10T15:03:17","slug":"contacte","status":"publish","type":"page","link":"https:\/\/www.labarberia.net\/ca\/contacte\/","title":{"rendered":"Contacte"},"content":{"rendered":"\t\t<div data-elementor-type=\"wp-page\" data-elementor-id=\"874\" class=\"elementor elementor-874 elementor-692\" data-elementor-post-type=\"page\">\n\t\t\t\t\t\t<section class=\"elementor-section elementor-top-section elementor-element elementor-element-1849852 elementor-section-boxed elementor-section-height-default elementor-section-height-default\" data-id=\"1849852\" data-element_type=\"section\">\n\t\t\t\t\t\t<div class=\"elementor-container elementor-column-gap-default\">\n\t\t\t\t\t<div class=\"elementor-column elementor-col-100 elementor-top-column elementor-element elementor-element-99a97a7\" data-id=\"99a97a7\" data-element_type=\"column\">\n\t\t\t<div class=\"elementor-widget-wrap elementor-element-populated\">\n\t\t\t\t\t\t<div class=\"elementor-element elementor-element-dec3fa0 elementor-widget elementor-widget-heading\" data-id=\"dec3fa0\" data-element_type=\"widget\" data-widget_type=\"heading.default\">\n\t\t\t\t<div class=\"elementor-widget-container\">\n\t\t\t\t\t<h1 class=\"elementor-heading-title elementor-size-default\">Contacte<\/h1>\t\t\t\t<\/div>\n\t\t\t\t<\/div>\n\t\t\t\t<div class=\"elementor-element elementor-element-f34c292 elementor-widget elementor-widget-text-editor\" data-id=\"f34c292\" data-element_type=\"widget\" data-widget_type=\"text-editor.default\">\n\t\t\t\t<div class=\"elementor-widget-container\">\n\t\t\t\t\t\t\t\t\t<p><a href=\"tel:93-217-33-95\">TEL. 93 217 33 95<\/a><\/p>\n\t\t\t\t\t\t\t\t<\/div>\n\t\t\t\t<\/div>\n\t\t\t\t<div class=\"elementor-element elementor-element-750c4cf elementor-widget elementor-widget-heading\" data-id=\"750c4cf\" data-element_type=\"widget\" data-widget_type=\"heading.default\">\n\t\t\t\t<div class=\"elementor-widget-container\">\n\t\t\t\t\t<h3 class=\"elementor-heading-title elementor-size-default\"><a href=\"https:\/\/home.shortcutssoftware.com\/labarberiadegracia\" target=\"_blank\">RESERVA ONLINE<\/a><\/h3>\t\t\t\t<\/div>\n\t\t\t\t<\/div>\n\t\t\t\t<div class=\"elementor-element elementor-element-d662650 elementor-widget elementor-widget-text-editor\" data-id=\"d662650\" data-element_type=\"widget\" data-widget_type=\"text-editor.default\">\n\t\t\t\t<div class=\"elementor-widget-container\">\n\t\t\t\t\t\t\t\t\t<p><a href=\"mailto:labarberia@labarberia.net\">labarberia@labarberia.net<\/a><\/p>\n\t\t\t\t\t\t\t\t<\/div>\n\t\t\t\t<\/div>\n\t\t\t\t\t<\/div>\n\t\t<\/div>\n\t\t\t\t\t<\/div>\n\t\t<\/section>\n\t\t\t\t<section class=\"elementor-section elementor-top-section elementor-element elementor-element-c9595a5 elementor-section-boxed elementor-section-height-default elementor-section-height-default\" data-id=\"c9595a5\" data-element_type=\"section\">\n\t\t\t\t\t\t<div class=\"elementor-container elementor-column-gap-default\">\n\t\t\t\t\t<div class=\"elementor-column elementor-col-100 elementor-top-column elementor-element elementor-element-2cd87c1\" data-id=\"2cd87c1\" data-element_type=\"column\">\n\t\t\t<div class=\"elementor-widget-wrap elementor-element-populated\">\n\t\t\t\t\t\t<div class=\"elementor-element elementor-element-f95e2c3 elementor-widget elementor-widget-heading\" data-id=\"f95e2c3\" data-element_type=\"widget\" data-widget_type=\"heading.default\">\n\t\t\t\t<div class=\"elementor-widget-container\">\n\t\t\t\t\t<h2 class=\"elementor-heading-title elementor-size-default\">Torrent de l'Olla, 198 <br \/> 0823 Barcelona<\/h2>\t\t\t\t<\/div>\n\t\t\t\t<\/div>\n\t\t\t\t<div class=\"elementor-element elementor-element-f40eca4 elementor-widget elementor-widget-text-editor\" data-id=\"f40eca4\" data-element_type=\"widget\" data-widget_type=\"text-editor.default\">\n\t\t\t\t<div class=\"elementor-widget-container\">\n\t\t\t\t\t\t\t\t\t<a href=\"https:\/\/www.google.com\/maps\/place\/La+Barberia+de+Gr%C3%A0cia\/@41.40517,2.1517755,17z\/data=!3m1!4b1!4m5!3m4!1s0x12a4a2a3496dc755:0x43f4d88309cea86f!8m2!3d41.4051647!4d2.1539554\" target=\"_blank\" rel=\"noopener\"><span style=\"text-decoration: underline;\">Com arribar<\/span><\/a>\t\t\t\t\t\t\t\t<\/div>\n\t\t\t\t<\/div>\n\t\t\t\t<div class=\"elementor-element elementor-element-31f90a7 elementor-widget elementor-widget-text-editor\" data-id=\"31f90a7\" data-element_type=\"widget\" data-widget_type=\"text-editor.default\">\n\t\t\t\t<div class=\"elementor-widget-container\">\n\t\t\t\t\t\t\t\t\t<p>Parking gratu\u00eft 1h \u00b7 Torrent de l&#8217;olla, 221 \u00b7 <a href=\"https:\/\/goo.gl\/maps\/7Ta4aGuCJJeaytcQA\" target=\"_blank\" rel=\"noopener\"><span style=\"text-decoration: underline;\">Com arribar<\/span><\/a><\/p>\t\t\t\t\t\t\t\t<\/div>\n\t\t\t\t<\/div>\n\t\t\t\t\t<\/div>\n\t\t<\/div>\n\t\t\t\t\t<\/div>\n\t\t<\/section>\n\t\t\t\t<section class=\"elementor-section elementor-top-section elementor-element elementor-element-2c088cb elementor-section-boxed elementor-section-height-default elementor-section-height-default\" data-id=\"2c088cb\" data-element_type=\"section\">\n\t\t\t\t\t\t<div class=\"elementor-container elementor-column-gap-default\">\n\t\t\t\t\t<div class=\"elementor-column elementor-col-100 elementor-top-column elementor-element elementor-element-a10c9ed\" data-id=\"a10c9ed\" data-element_type=\"column\">\n\t\t\t<div class=\"elementor-widget-wrap elementor-element-populated\">\n\t\t\t\t\t\t<div class=\"elementor-element elementor-element-0c434b0 elementor-widget elementor-widget-text-editor\" data-id=\"0c434b0\" data-element_type=\"widget\" data-widget_type=\"text-editor.default\">\n\t\t\t\t<div class=\"elementor-widget-container\">\n\t\t\t\t\t\t\t\t\t<p>De dilluns a divendres de 9 a 20 h<br \/>\nDissabtes de 8 a 14 h<\/p>\n\t\t\t\t\t\t\t\t<\/div>\n\t\t\t\t<\/div>\n\t\t\t\t\t<\/div>\n\t\t<\/div>\n\t\t\t\t\t<\/div>\n\t\t<\/section>\n\t\t\t\t<section class=\"elementor-section elementor-top-section elementor-element elementor-element-85a3a80 elementor-section-boxed elementor-section-height-default elementor-section-height-default elementor-invisible\" data-id=\"85a3a80\" data-element_type=\"section\" data-settings=\"{&quot;animation&quot;:&quot;fadeIn&quot;}\">\n\t\t\t\t\t\t<div class=\"elementor-container elementor-column-gap-default\">\n\t\t\t\t\t<div class=\"elementor-column elementor-col-100 elementor-top-column elementor-element elementor-element-62adf1a\" data-id=\"62adf1a\" data-element_type=\"column\">\n\t\t\t<div class=\"elementor-widget-wrap elementor-element-populated\">\n\t\t\t\t\t\t<div class=\"elementor-element elementor-element-93cb7ee elementor-widget elementor-widget-image\" data-id=\"93cb7ee\" data-element_type=\"widget\" data-widget_type=\"image.default\">\n\t\t\t\t<div class=\"elementor-widget-container\">\n\t\t\t\t\t\t\t\t\t\t\t\t\t\t\t<img fetchpriority=\"high\" decoding=\"async\" width=\"1210\" height=\"852\" src=\"https:\/\/www.labarberia.net\/wp-content\/uploads\/2021\/06\/La-barberia-de-Gracia_Nueva-Barberia_Web-0769-2.jpg\" class=\"attachment-full size-full wp-image-1391\" alt=\"Fotografi\" srcset=\"https:\/\/www.labarberia.net\/wp-content\/uploads\/2021\/06\/La-barberia-de-Gracia_Nueva-Barberia_Web-0769-2.jpg 1210w, https:\/\/www.labarberia.net\/wp-content\/uploads\/2021\/06\/La-barberia-de-Gracia_Nueva-Barberia_Web-0769-2-300x211.jpg 300w, https:\/\/www.labarberia.net\/wp-content\/uploads\/2021\/06\/La-barberia-de-Gracia_Nueva-Barberia_Web-0769-2-1024x721.jpg 1024w, https:\/\/www.labarberia.net\/wp-content\/uploads\/2021\/06\/La-barberia-de-Gracia_Nueva-Barberia_Web-0769-2-768x541.jpg 768w\" sizes=\"(max-width: 1210px) 100vw, 1210px\" \/>\t\t\t\t\t\t\t\t\t\t\t\t\t\t\t<\/div>\n\t\t\t\t<\/div>\n\t\t\t\t\t<\/div>\n\t\t<\/div>\n\t\t\t\t\t<\/div>\n\t\t<\/section>\n\t\t\t\t<section class=\"elementor-section elementor-top-section elementor-element elementor-element-d00503a elementor-section-boxed elementor-section-height-default elementor-section-height-default\" data-id=\"d00503a\" data-element_type=\"section\" data-settings=\"{&quot;background_background&quot;:&quot;classic&quot;}\">\n\t\t\t\t\t\t<div class=\"elementor-container elementor-column-gap-default\">\n\t\t\t\t\t<div class=\"elementor-column elementor-col-100 elementor-top-column elementor-element elementor-element-1c668bf\" data-id=\"1c668bf\" data-element_type=\"column\">\n\t\t\t<div class=\"elementor-widget-wrap elementor-element-populated\">\n\t\t\t\t\t\t<div class=\"elementor-element elementor-element-6b47254 elementor-widget elementor-widget-heading\" data-id=\"6b47254\" data-element_type=\"widget\" data-widget_type=\"heading.default\">\n\t\t\t\t<div class=\"elementor-widget-container\">\n\t\t\t\t\t<h2 class=\"elementor-heading-title elementor-size-default\">Treballa a la Barberia de Gr\u00e0cia<\/h2>\t\t\t\t<\/div>\n\t\t\t\t<\/div>\n\t\t\t\t<div class=\"elementor-element elementor-element-d396594 elementor-widget elementor-widget-text-editor\" data-id=\"d396594\" data-element_type=\"widget\" data-widget_type=\"text-editor.default\">\n\t\t\t\t<div class=\"elementor-widget-container\">\n\t\t\t\t\t\t\t\t\t<p>Estem buscant una persona apassionada amb el m\u00f3n de la barberia i perruqueria masculina.<\/p>\n<p>Si tens formaci\u00f3, talent i experi\u00e8ncia en aquest m\u00f3n&#8230;<\/p>\n<p>Si vols formar part de l&#8217;equip d&#8217;una de les barberies referent del sector i t&#8217;agradaria cr\u00e9ixer professionalment&#8230;<\/p>\n<p>Llavors T&#8217;ESTEM BUSCANT!<\/p>\n<p>Si compleixes aquests requisits, fes-nos arribar el teu CV a\u00a0<a href=\"mailto:labarberia@labarberia.net\">labarberia@labarberia.net<\/a>.<\/p>\n\t\t\t\t\t\t\t\t<\/div>\n\t\t\t\t<\/div>\n\t\t\t\t\t<\/div>\n\t\t<\/div>\n\t\t\t\t\t<\/div>\n\t\t<\/section>\n\t\t\t\t<\/div>\n\t\t","protected":false},"excerpt":{"rendered":"<p>Contacte TEL. 93 217 33 95 RESERVA ONLINE labarberia@labarberia.net Torrent de l&#8217;Olla, 198 0823 Barcelona Com arribar Parking gratu\u00eft 1h \u00b7 Torrent de l&#8217;olla, 221 \u00b7 Com arribar De dilluns a divendres de 9 a 20 h Dissabtes de 8 a 14 h Treballa a la Barberia de Gr\u00e0cia Estem buscant una persona apassionada amb [&hellip;]<\/p>\n","protected":false},"author":1,"featured_media":0,"parent":0,"menu_order":0,"comment_status":"closed","ping_status":"closed","template":"","meta":{"footnotes":""},"categories":[],"tags":[],"class_list":["post-874","page","type-page","status-publish","hentry"],"acf":[],"yoast_head":"<!-- This site is optimized with the Yoast SEO plugin v25.3.1 - https:\/\/yoast.com\/wordpress\/plugins\/seo\/ -->\n<title>Contacte - La Barberia de Gr\u00e0cia<\/title>\n<meta name=\"robots\" content=\"index, follow, max-snippet:-1, max-image-preview:large, max-video-preview:-1\" \/>\n<link rel=\"canonical\" href=\"https:\/\/www.labarberia.net\/ca\/contacte\/\" \/>\n<meta property=\"og:locale\" content=\"ca_ES\" \/>\n<meta property=\"og:type\" content=\"article\" \/>\n<meta property=\"og:title\" content=\"Contacte - La Barberia de Gr\u00e0cia\" \/>\n<meta property=\"og:description\" content=\"Contacte TEL. 93 217 33 95 RESERVA ONLINE labarberia@labarberia.net Torrent de l&#8217;Olla, 198 0823 Barcelona Com arribar Parking gratu\u00eft 1h \u00b7 Torrent de l&#8217;olla, 221 \u00b7 Com arribar De dilluns a divendres de 9 a 20 h Dissabtes de 8 a 14 h Treballa a la Barberia de Gr\u00e0cia Estem buscant una persona apassionada amb [&hellip;]\" \/>\n<meta property=\"og:url\" content=\"https:\/\/www.labarberia.net\/ca\/contacte\/\" \/>\n<meta property=\"og:site_name\" content=\"La Barberia de Gr\u00e0cia\" \/>\n<meta property=\"article:publisher\" content=\"https:\/\/www.facebook.com\/la.barberia.de.gracia\" \/>\n<meta property=\"article:modified_time\" content=\"2023-05-10T15:03:17+00:00\" \/>\n<meta property=\"og:image\" content=\"https:\/\/www.labarberia.net\/wp-content\/uploads\/2021\/06\/La-barberia-de-Gracia_Nueva-Barberia_Web-0769-2.jpg\" \/>\n<meta name=\"twitter:card\" content=\"summary_large_image\" \/>\n<meta name=\"twitter:site\" content=\"@jordilabarberia\" \/>\n<meta name=\"twitter:label1\" content=\"Temps estimat de lectura\" \/>\n\t<meta name=\"twitter:data1\" content=\"1 minut\" \/>\n<script type=\"application\/ld+json\" class=\"yoast-schema-graph\">{\"@context\":\"https:\/\/schema.org\",\"@graph\":[{\"@type\":\"WebPage\",\"@id\":\"https:\/\/www.labarberia.net\/ca\/contacte\/\",\"url\":\"https:\/\/www.labarberia.net\/ca\/contacte\/\",\"name\":\"Contacte - La Barberia de Gr\u00e0cia\",\"isPartOf\":{\"@id\":\"https:\/\/www.labarberia.net\/#website\"},\"primaryImageOfPage\":{\"@id\":\"https:\/\/www.labarberia.net\/ca\/contacte\/#primaryimage\"},\"image\":{\"@id\":\"https:\/\/www.labarberia.net\/ca\/contacte\/#primaryimage\"},\"thumbnailUrl\":\"https:\/\/www.labarberia.net\/wp-content\/uploads\/2021\/06\/La-barberia-de-Gracia_Nueva-Barberia_Web-0769-2.jpg\",\"datePublished\":\"2021-03-26T11:02:35+00:00\",\"dateModified\":\"2023-05-10T15:03:17+00:00\",\"breadcrumb\":{\"@id\":\"https:\/\/www.labarberia.net\/ca\/contacte\/#breadcrumb\"},\"inLanguage\":\"ca\",\"potentialAction\":[{\"@type\":\"ReadAction\",\"target\":[\"https:\/\/www.labarberia.net\/ca\/contacte\/\"]}]},{\"@type\":\"ImageObject\",\"inLanguage\":\"ca\",\"@id\":\"https:\/\/www.labarberia.net\/ca\/contacte\/#primaryimage\",\"url\":\"https:\/\/www.labarberia.net\/wp-content\/uploads\/2021\/06\/La-barberia-de-Gracia_Nueva-Barberia_Web-0769-2.jpg\",\"contentUrl\":\"https:\/\/www.labarberia.net\/wp-content\/uploads\/2021\/06\/La-barberia-de-Gracia_Nueva-Barberia_Web-0769-2.jpg\"},{\"@type\":\"BreadcrumbList\",\"@id\":\"https:\/\/www.labarberia.net\/ca\/contacte\/#breadcrumb\",\"itemListElement\":[{\"@type\":\"ListItem\",\"position\":1,\"name\":\"Home\",\"item\":\"https:\/\/www.labarberia.net\/ca\/\"},{\"@type\":\"ListItem\",\"position\":2,\"name\":\"Contacte\"}]},{\"@type\":\"WebSite\",\"@id\":\"https:\/\/www.labarberia.net\/#website\",\"url\":\"https:\/\/www.labarberia.net\/\",\"name\":\"La Barberia de Gr\u00e0cia\",\"description\":\"Peluqueria masculina para hombres\",\"publisher\":{\"@id\":\"https:\/\/www.labarberia.net\/#organization\"},\"potentialAction\":[{\"@type\":\"SearchAction\",\"target\":{\"@type\":\"EntryPoint\",\"urlTemplate\":\"https:\/\/www.labarberia.net\/?s={search_term_string}\"},\"query-input\":{\"@type\":\"PropertyValueSpecification\",\"valueRequired\":true,\"valueName\":\"search_term_string\"}}],\"inLanguage\":\"ca\"},{\"@type\":\"Organization\",\"@id\":\"https:\/\/www.labarberia.net\/#organization\",\"name\":\"La Barberia de Gr\u00e0cia\",\"url\":\"https:\/\/www.labarberia.net\/\",\"logo\":{\"@type\":\"ImageObject\",\"inLanguage\":\"ca\",\"@id\":\"https:\/\/www.labarberia.net\/#\/schema\/logo\/image\/\",\"url\":\"https:\/\/www.labarberia.net\/wp-content\/uploads\/2021\/06\/LogoLaBarberia-black.png\",\"contentUrl\":\"https:\/\/www.labarberia.net\/wp-content\/uploads\/2021\/06\/LogoLaBarberia-black.png\",\"width\":1782,\"height\":144,\"caption\":\"La Barberia de Gr\u00e0cia\"},\"image\":{\"@id\":\"https:\/\/www.labarberia.net\/#\/schema\/logo\/image\/\"},\"sameAs\":[\"https:\/\/www.facebook.com\/la.barberia.de.gracia\",\"https:\/\/x.com\/jordilabarberia\",\"https:\/\/www.instagram.com\/labarberia\"]}]}<\/script>\n<!-- \/ Yoast SEO plugin. -->","yoast_head_json":{"title":"Contacte - La Barberia de Gr\u00e0cia","robots":{"index":"index","follow":"follow","max-snippet":"max-snippet:-1","max-image-preview":"max-image-preview:large","max-video-preview":"max-video-preview:-1"},"canonical":"https:\/\/www.labarberia.net\/ca\/contacte\/","og_locale":"ca_ES","og_type":"article","og_title":"Contacte - La Barberia de Gr\u00e0cia","og_description":"Contacte TEL. 93 217 33 95 RESERVA ONLINE labarberia@labarberia.net Torrent de l&#8217;Olla, 198 0823 Barcelona Com arribar Parking gratu\u00eft 1h \u00b7 Torrent de l&#8217;olla, 221 \u00b7 Com arribar De dilluns a divendres de 9 a 20 h Dissabtes de 8 a 14 h Treballa a la Barberia de Gr\u00e0cia Estem buscant una persona apassionada amb [&hellip;]","og_url":"https:\/\/www.labarberia.net\/ca\/contacte\/","og_site_name":"La Barberia de Gr\u00e0cia","article_publisher":"https:\/\/www.facebook.com\/la.barberia.de.gracia","article_modified_time":"2023-05-10T15:03:17+00:00","og_image":[{"url":"https:\/\/www.labarberia.net\/wp-content\/uploads\/2021\/06\/La-barberia-de-Gracia_Nueva-Barberia_Web-0769-2.jpg","type":"","width":"","height":""}],"twitter_card":"summary_large_image","twitter_site":"@jordilabarberia","twitter_misc":{"Temps estimat de lectura":"1 minut"},"schema":{"@context":"https:\/\/schema.org","@graph":[{"@type":"WebPage","@id":"https:\/\/www.labarberia.net\/ca\/contacte\/","url":"https:\/\/www.labarberia.net\/ca\/contacte\/","name":"Contacte - La Barberia de Gr\u00e0cia","isPartOf":{"@id":"https:\/\/www.labarberia.net\/#website"},"primaryImageOfPage":{"@id":"https:\/\/www.labarberia.net\/ca\/contacte\/#primaryimage"},"image":{"@id":"https:\/\/www.labarberia.net\/ca\/contacte\/#primaryimage"},"thumbnailUrl":"https:\/\/www.labarberia.net\/wp-content\/uploads\/2021\/06\/La-barberia-de-Gracia_Nueva-Barberia_Web-0769-2.jpg","datePublished":"2021-03-26T11:02:35+00:00","dateModified":"2023-05-10T15:03:17+00:00","breadcrumb":{"@id":"https:\/\/www.labarberia.net\/ca\/contacte\/#breadcrumb"},"inLanguage":"ca","potentialAction":[{"@type":"ReadAction","target":["https:\/\/www.labarberia.net\/ca\/contacte\/"]}]},{"@type":"ImageObject","inLanguage":"ca","@id":"https:\/\/www.labarberia.net\/ca\/contacte\/#primaryimage","url":"https:\/\/www.labarberia.net\/wp-content\/uploads\/2021\/06\/La-barberia-de-Gracia_Nueva-Barberia_Web-0769-2.jpg","contentUrl":"https:\/\/www.labarberia.net\/wp-content\/uploads\/2021\/06\/La-barberia-de-Gracia_Nueva-Barberia_Web-0769-2.jpg"},{"@type":"BreadcrumbList","@id":"https:\/\/www.labarberia.net\/ca\/contacte\/#breadcrumb","itemListElement":[{"@type":"ListItem","position":1,"name":"Home","item":"https:\/\/www.labarberia.net\/ca\/"},{"@type":"ListItem","position":2,"name":"Contacte"}]},{"@type":"WebSite","@id":"https:\/\/www.labarberia.net\/#website","url":"https:\/\/www.labarberia.net\/","name":"La Barberia de Gr\u00e0cia","description":"Peluqueria masculina para hombres","publisher":{"@id":"https:\/\/www.labarberia.net\/#organization"},"potentialAction":[{"@type":"SearchAction","target":{"@type":"EntryPoint","urlTemplate":"https:\/\/www.labarberia.net\/?s={search_term_string}"},"query-input":{"@type":"PropertyValueSpecification","valueRequired":true,"valueName":"search_term_string"}}],"inLanguage":"ca"},{"@type":"Organization","@id":"https:\/\/www.labarberia.net\/#organization","name":"La Barberia de Gr\u00e0cia","url":"https:\/\/www.labarberia.net\/","logo":{"@type":"ImageObject","inLanguage":"ca","@id":"https:\/\/www.labarberia.net\/#\/schema\/logo\/image\/","url":"https:\/\/www.labarberia.net\/wp-content\/uploads\/2021\/06\/LogoLaBarberia-black.png","contentUrl":"https:\/\/www.labarberia.net\/wp-content\/uploads\/2021\/06\/LogoLaBarberia-black.png","width":1782,"height":144,"caption":"La Barberia de Gr\u00e0cia"},"image":{"@id":"https:\/\/www.labarberia.net\/#\/schema\/logo\/image\/"},"sameAs":["https:\/\/www.facebook.com\/la.barberia.de.gracia","https:\/\/x.com\/jordilabarberia","https:\/\/www.instagram.com\/labarberia"]}]}},"_links":{"self":[{"href":"https:\/\/www.labarberia.net\/ca\/wp-json\/wp\/v2\/pages\/874","targetHints":{"allow":["GET"]}}],"collection":[{"href":"https:\/\/www.labarberia.net\/ca\/wp-json\/wp\/v2\/pages"}],"about":[{"href":"https:\/\/www.labarberia.net\/ca\/wp-json\/wp\/v2\/types\/page"}],"author":[{"embeddable":true,"href":"https:\/\/www.labarberia.net\/ca\/wp-json\/wp\/v2\/users\/1"}],"replies":[{"embeddable":true,"href":"https:\/\/www.labarberia.net\/ca\/wp-json\/wp\/v2\/comments?post=874"}],"version-history":[{"count":30,"href":"https:\/\/www.labarberia.net\/ca\/wp-json\/wp\/v2\/pages\/874\/revisions"}],"predecessor-version":[{"id":3859,"href":"https:\/\/www.labarberia.net\/ca\/wp-json\/wp\/v2\/pages\/874\/revisions\/3859"}],"wp:attachment":[{"href":"https:\/\/www.labarberia.net\/ca\/wp-json\/wp\/v2\/media?parent=874"}],"wp:term":[{"taxonomy":"category","embeddable":true,"href":"https:\/\/www.labarberia.net\/ca\/wp-json\/wp\/v2\/categories?post=874"},{"taxonomy":"post_tag","embeddable":true,"href":"https:\/\/www.labarberia.net\/ca\/wp-json\/wp\/v2\/tags?post=874"}],"curies":[{"name":"wp","href":"https:\/\/api.w.org\/{rel}","templated":true}]}}