{"id":3526,"date":"2022-01-28T12:08:31","date_gmt":"2022-01-28T10:08:31","guid":{"rendered":"https:\/\/www.labarberia.net\/formacio\/"},"modified":"2023-09-19T18:00:35","modified_gmt":"2023-09-19T16:00:35","slug":"formacio","status":"publish","type":"page","link":"https:\/\/www.labarberia.net\/ca\/formacio\/","title":{"rendered":"Formaci\u00f3"},"content":{"rendered":"\t\t<div data-elementor-type=\"wp-page\" data-elementor-id=\"3526\" class=\"elementor elementor-3526 elementor-3482\" data-elementor-post-type=\"page\">\n\t\t\t\t\t\t<section class=\"elementor-section elementor-top-section elementor-element elementor-element-1277a38 elementor-section-height-full elementor-section-boxed elementor-section-height-default elementor-section-items-middle\" data-id=\"1277a38\" data-element_type=\"section\" data-settings=\"{&quot;background_background&quot;:&quot;classic&quot;}\">\n\t\t\t\t\t\t<div class=\"elementor-container elementor-column-gap-default\">\n\t\t\t\t\t<div class=\"elementor-column elementor-col-50 elementor-top-column elementor-element elementor-element-65f36f2\" data-id=\"65f36f2\" data-element_type=\"column\">\n\t\t\t<div class=\"elementor-widget-wrap elementor-element-populated\">\n\t\t\t\t\t\t<div class=\"elementor-element elementor-element-61477f7 elementor-widget elementor-widget-heading\" data-id=\"61477f7\" data-element_type=\"widget\" data-widget_type=\"heading.default\">\n\t\t\t\t<div class=\"elementor-widget-container\">\n\t\t\t\t\t<h2 class=\"elementor-heading-title elementor-size-default\">Formaci\u00f3<\/h2>\t\t\t\t<\/div>\n\t\t\t\t<\/div>\n\t\t\t\t<div class=\"elementor-element elementor-element-e59c32c elementor-widget elementor-widget-text-editor\" data-id=\"e59c32c\" data-element_type=\"widget\" data-widget_type=\"text-editor.default\">\n\t\t\t\t<div class=\"elementor-widget-container\">\n\t\t\t\t\t\t\t\t\t<div class=\"traductor-textarea form-group\">\n<div class=\"textarea-desti col-xs-12 col-sm-6\">\n<div class=\"form-control second-textarea\">Curs en l\u00ednia de barberia i perruqueria masculina<\/div>\n<\/div>\n<\/div>\n\t\t\t\t\t\t\t\t<\/div>\n\t\t\t\t<\/div>\n\t\t\t\t<div class=\"elementor-element elementor-element-c9e95a1 elementor-widget elementor-widget-text-editor\" data-id=\"c9e95a1\" data-element_type=\"widget\" data-widget_type=\"text-editor.default\">\n\t\t\t\t<div class=\"elementor-widget-container\">\n\t\t\t\t\t\t\t\t\t<ul>\n<li>Tall de cabell mascul\u00ed<\/li>\n<li>Tall de cabell a navalla<\/li>\n<li>Arranjament de barba<\/li>\n<li>Afaitat a navalla cl\u00e0ssic<\/li>\n<\/ul>\n\t\t\t\t\t\t\t\t<\/div>\n\t\t\t\t<\/div>\n\t\t\t\t<div class=\"elementor-element elementor-element-e0f08f0 elementor-mobile-align-center elementor-widget elementor-widget-button\" data-id=\"e0f08f0\" data-element_type=\"widget\" data-widget_type=\"button.default\">\n\t\t\t\t<div class=\"elementor-widget-container\">\n\t\t\t\t\t\t\t\t\t<div class=\"elementor-button-wrapper\">\n\t\t\t\t\t<a class=\"elementor-button elementor-button-link elementor-size-lg\" href=\"https:\/\/www.udemy.com\/course\/curso-de-barberia-y-peluqueria-masculina\/?referralCode=BE0E3AC2FDFC95A212CD\" target=\"_blank\">\n\t\t\t\t\t\t<span class=\"elementor-button-content-wrapper\">\n\t\t\t\t\t\t\t\t\t<span class=\"elementor-button-text\">M\u00e9s informaci\u00f3<\/span>\n\t\t\t\t\t<\/span>\n\t\t\t\t\t<\/a>\n\t\t\t\t<\/div>\n\t\t\t\t\t\t\t\t<\/div>\n\t\t\t\t<\/div>\n\t\t\t\t\t<\/div>\n\t\t<\/div>\n\t\t\t\t<div class=\"elementor-column elementor-col-50 elementor-top-column elementor-element elementor-element-36f2788\" data-id=\"36f2788\" data-element_type=\"column\">\n\t\t\t<div class=\"elementor-widget-wrap elementor-element-populated\">\n\t\t\t\t\t\t<div class=\"elementor-element elementor-element-d11ac69 elementor-widget elementor-widget-video\" data-id=\"d11ac69\" data-element_type=\"widget\" data-settings=\"{&quot;youtube_url&quot;:&quot;https:\\\/\\\/youtu.be\\\/8tGE-aT12bA?si=kMhKWkjWlbLefFce&quot;,&quot;video_type&quot;:&quot;youtube&quot;,&quot;controls&quot;:&quot;yes&quot;}\" data-widget_type=\"video.default\">\n\t\t\t\t<div class=\"elementor-widget-container\">\n\t\t\t\t\t\t\t<div class=\"elementor-wrapper elementor-open-inline\">\n\t\t\t<div class=\"elementor-video\"><\/div>\t\t<\/div>\n\t\t\t\t\t\t<\/div>\n\t\t\t\t<\/div>\n\t\t\t\t\t<\/div>\n\t\t<\/div>\n\t\t\t\t\t<\/div>\n\t\t<\/section>\n\t\t\t\t<\/div>\n\t\t","protected":false},"excerpt":{"rendered":"<p>Formaci\u00f3 Curs en l\u00ednia de barberia i perruqueria masculina Tall de cabell mascul\u00ed Tall de cabell a navalla Arranjament de barba Afaitat a navalla cl\u00e0ssic M\u00e9s informaci\u00f3<\/p>\n","protected":false},"author":1,"featured_media":0,"parent":0,"menu_order":0,"comment_status":"closed","ping_status":"closed","template":"","meta":{"footnotes":""},"categories":[],"tags":[],"class_list":["post-3526","page","type-page","status-publish","hentry"],"acf":[],"yoast_head":"<!-- This site is optimized with the Yoast SEO plugin v25.3.1 - https:\/\/yoast.com\/wordpress\/plugins\/seo\/ -->\n<title>Formaci\u00f3 - La Barberia de Gr\u00e0cia<\/title>\n<meta name=\"robots\" content=\"index, follow, max-snippet:-1, max-image-preview:large, max-video-preview:-1\" \/>\n<link rel=\"canonical\" href=\"https:\/\/www.labarberia.net\/ca\/formacio\/\" \/>\n<meta property=\"og:locale\" content=\"ca_ES\" \/>\n<meta property=\"og:type\" content=\"article\" \/>\n<meta property=\"og:title\" content=\"Formaci\u00f3 - La Barberia de Gr\u00e0cia\" \/>\n<meta property=\"og:description\" content=\"Formaci\u00f3 Curs en l\u00ednia de barberia i perruqueria masculina Tall de cabell mascul\u00ed Tall de cabell a navalla Arranjament de barba Afaitat a navalla cl\u00e0ssic M\u00e9s informaci\u00f3\" \/>\n<meta property=\"og:url\" content=\"https:\/\/www.labarberia.net\/ca\/formacio\/\" \/>\n<meta property=\"og:site_name\" content=\"La Barberia de Gr\u00e0cia\" \/>\n<meta property=\"article:publisher\" content=\"https:\/\/www.facebook.com\/la.barberia.de.gracia\" \/>\n<meta property=\"article:modified_time\" content=\"2023-09-19T16:00:35+00:00\" \/>\n<meta name=\"twitter:card\" content=\"summary_large_image\" \/>\n<meta name=\"twitter:site\" content=\"@jordilabarberia\" \/>\n<meta name=\"twitter:label1\" content=\"Temps estimat de lectura\" \/>\n\t<meta name=\"twitter:data1\" content=\"1 minut\" \/>\n<script type=\"application\/ld+json\" class=\"yoast-schema-graph\">{\"@context\":\"https:\/\/schema.org\",\"@graph\":[{\"@type\":\"WebPage\",\"@id\":\"https:\/\/www.labarberia.net\/ca\/formacio\/\",\"url\":\"https:\/\/www.labarberia.net\/ca\/formacio\/\",\"name\":\"Formaci\u00f3 - La Barberia de Gr\u00e0cia\",\"isPartOf\":{\"@id\":\"https:\/\/www.labarberia.net\/#website\"},\"datePublished\":\"2022-01-28T10:08:31+00:00\",\"dateModified\":\"2023-09-19T16:00:35+00:00\",\"breadcrumb\":{\"@id\":\"https:\/\/www.labarberia.net\/ca\/formacio\/#breadcrumb\"},\"inLanguage\":\"ca\",\"potentialAction\":[{\"@type\":\"ReadAction\",\"target\":[\"https:\/\/www.labarberia.net\/ca\/formacio\/\"]}]},{\"@type\":\"BreadcrumbList\",\"@id\":\"https:\/\/www.labarberia.net\/ca\/formacio\/#breadcrumb\",\"itemListElement\":[{\"@type\":\"ListItem\",\"position\":1,\"name\":\"Home\",\"item\":\"https:\/\/www.labarberia.net\/ca\/\"},{\"@type\":\"ListItem\",\"position\":2,\"name\":\"Formaci\u00f3\"}]},{\"@type\":\"WebSite\",\"@id\":\"https:\/\/www.labarberia.net\/#website\",\"url\":\"https:\/\/www.labarberia.net\/\",\"name\":\"La Barberia de Gr\u00e0cia\",\"description\":\"Peluqueria masculina para hombres\",\"publisher\":{\"@id\":\"https:\/\/www.labarberia.net\/#organization\"},\"potentialAction\":[{\"@type\":\"SearchAction\",\"target\":{\"@type\":\"EntryPoint\",\"urlTemplate\":\"https:\/\/www.labarberia.net\/?s={search_term_string}\"},\"query-input\":{\"@type\":\"PropertyValueSpecification\",\"valueRequired\":true,\"valueName\":\"search_term_string\"}}],\"inLanguage\":\"ca\"},{\"@type\":\"Organization\",\"@id\":\"https:\/\/www.labarberia.net\/#organization\",\"name\":\"La Barberia de Gr\u00e0cia\",\"url\":\"https:\/\/www.labarberia.net\/\",\"logo\":{\"@type\":\"ImageObject\",\"inLanguage\":\"ca\",\"@id\":\"https:\/\/www.labarberia.net\/#\/schema\/logo\/image\/\",\"url\":\"https:\/\/www.labarberia.net\/wp-content\/uploads\/2021\/06\/LogoLaBarberia-black.png\",\"contentUrl\":\"https:\/\/www.labarberia.net\/wp-content\/uploads\/2021\/06\/LogoLaBarberia-black.png\",\"width\":1782,\"height\":144,\"caption\":\"La Barberia de Gr\u00e0cia\"},\"image\":{\"@id\":\"https:\/\/www.labarberia.net\/#\/schema\/logo\/image\/\"},\"sameAs\":[\"https:\/\/www.facebook.com\/la.barberia.de.gracia\",\"https:\/\/x.com\/jordilabarberia\",\"https:\/\/www.instagram.com\/labarberia\"]}]}<\/script>\n<!-- \/ Yoast SEO plugin. -->","yoast_head_json":{"title":"Formaci\u00f3 - La Barberia de Gr\u00e0cia","robots":{"index":"index","follow":"follow","max-snippet":"max-snippet:-1","max-image-preview":"max-image-preview:large","max-video-preview":"max-video-preview:-1"},"canonical":"https:\/\/www.labarberia.net\/ca\/formacio\/","og_locale":"ca_ES","og_type":"article","og_title":"Formaci\u00f3 - La Barberia de Gr\u00e0cia","og_description":"Formaci\u00f3 Curs en l\u00ednia de barberia i perruqueria masculina Tall de cabell mascul\u00ed Tall de cabell a navalla Arranjament de barba Afaitat a navalla cl\u00e0ssic M\u00e9s informaci\u00f3","og_url":"https:\/\/www.labarberia.net\/ca\/formacio\/","og_site_name":"La Barberia de Gr\u00e0cia","article_publisher":"https:\/\/www.facebook.com\/la.barberia.de.gracia","article_modified_time":"2023-09-19T16:00:35+00:00","twitter_card":"summary_large_image","twitter_site":"@jordilabarberia","twitter_misc":{"Temps estimat de lectura":"1 minut"},"schema":{"@context":"https:\/\/schema.org","@graph":[{"@type":"WebPage","@id":"https:\/\/www.labarberia.net\/ca\/formacio\/","url":"https:\/\/www.labarberia.net\/ca\/formacio\/","name":"Formaci\u00f3 - La Barberia de Gr\u00e0cia","isPartOf":{"@id":"https:\/\/www.labarberia.net\/#website"},"datePublished":"2022-01-28T10:08:31+00:00","dateModified":"2023-09-19T16:00:35+00:00","breadcrumb":{"@id":"https:\/\/www.labarberia.net\/ca\/formacio\/#breadcrumb"},"inLanguage":"ca","potentialAction":[{"@type":"ReadAction","target":["https:\/\/www.labarberia.net\/ca\/formacio\/"]}]},{"@type":"BreadcrumbList","@id":"https:\/\/www.labarberia.net\/ca\/formacio\/#breadcrumb","itemListElement":[{"@type":"ListItem","position":1,"name":"Home","item":"https:\/\/www.labarberia.net\/ca\/"},{"@type":"ListItem","position":2,"name":"Formaci\u00f3"}]},{"@type":"WebSite","@id":"https:\/\/www.labarberia.net\/#website","url":"https:\/\/www.labarberia.net\/","name":"La Barberia de Gr\u00e0cia","description":"Peluqueria masculina para hombres","publisher":{"@id":"https:\/\/www.labarberia.net\/#organization"},"potentialAction":[{"@type":"SearchAction","target":{"@type":"EntryPoint","urlTemplate":"https:\/\/www.labarberia.net\/?s={search_term_string}"},"query-input":{"@type":"PropertyValueSpecification","valueRequired":true,"valueName":"search_term_string"}}],"inLanguage":"ca"},{"@type":"Organization","@id":"https:\/\/www.labarberia.net\/#organization","name":"La Barberia de Gr\u00e0cia","url":"https:\/\/www.labarberia.net\/","logo":{"@type":"ImageObject","inLanguage":"ca","@id":"https:\/\/www.labarberia.net\/#\/schema\/logo\/image\/","url":"https:\/\/www.labarberia.net\/wp-content\/uploads\/2021\/06\/LogoLaBarberia-black.png","contentUrl":"https:\/\/www.labarberia.net\/wp-content\/uploads\/2021\/06\/LogoLaBarberia-black.png","width":1782,"height":144,"caption":"La Barberia de Gr\u00e0cia"},"image":{"@id":"https:\/\/www.labarberia.net\/#\/schema\/logo\/image\/"},"sameAs":["https:\/\/www.facebook.com\/la.barberia.de.gracia","https:\/\/x.com\/jordilabarberia","https:\/\/www.instagram.com\/labarberia"]}]}},"_links":{"self":[{"href":"https:\/\/www.labarberia.net\/ca\/wp-json\/wp\/v2\/pages\/3526","targetHints":{"allow":["GET"]}}],"collection":[{"href":"https:\/\/www.labarberia.net\/ca\/wp-json\/wp\/v2\/pages"}],"about":[{"href":"https:\/\/www.labarberia.net\/ca\/wp-json\/wp\/v2\/types\/page"}],"author":[{"embeddable":true,"href":"https:\/\/www.labarberia.net\/ca\/wp-json\/wp\/v2\/users\/1"}],"replies":[{"embeddable":true,"href":"https:\/\/www.labarberia.net\/ca\/wp-json\/wp\/v2\/comments?post=3526"}],"version-history":[{"count":4,"href":"https:\/\/www.labarberia.net\/ca\/wp-json\/wp\/v2\/pages\/3526\/revisions"}],"predecessor-version":[{"id":3923,"href":"https:\/\/www.labarberia.net\/ca\/wp-json\/wp\/v2\/pages\/3526\/revisions\/3923"}],"wp:attachment":[{"href":"https:\/\/www.labarberia.net\/ca\/wp-json\/wp\/v2\/media?parent=3526"}],"wp:term":[{"taxonomy":"category","embeddable":true,"href":"https:\/\/www.labarberia.net\/ca\/wp-json\/wp\/v2\/categories?post=3526"},{"taxonomy":"post_tag","embeddable":true,"href":"https:\/\/www.labarberia.net\/ca\/wp-json\/wp\/v2\/tags?post=3526"}],"curies":[{"name":"wp","href":"https:\/\/api.w.org\/{rel}","templated":true}]}}