{"id":3187,"date":"2021-11-29T17:17:33","date_gmt":"2021-11-29T15:17:33","guid":{"rendered":"https:\/\/www.labarberia.net\/colleccio-back-to-the-barber\/"},"modified":"2021-11-29T17:17:36","modified_gmt":"2021-11-29T15:17:36","slug":"colleccio-back-to-the-barber","status":"publish","type":"page","link":"https:\/\/www.labarberia.net\/ca\/colleccio-back-to-the-barber\/","title":{"rendered":"Col\u00b7lecci\u00f3 &#8220;Back to the barber&#8221;"},"content":{"rendered":"\t\t<div data-elementor-type=\"wp-page\" data-elementor-id=\"3187\" class=\"elementor elementor-3187 elementor-1740\" data-elementor-post-type=\"page\">\n\t\t\t\t\t\t<section class=\"elementor-section elementor-top-section elementor-element elementor-element-1d9aee65 elementor-section-boxed elementor-section-height-default elementor-section-height-default\" data-id=\"1d9aee65\" data-element_type=\"section\" data-settings=\"{&quot;background_background&quot;:&quot;classic&quot;}\">\n\t\t\t\t\t\t<div class=\"elementor-container elementor-column-gap-default\">\n\t\t\t\t\t<div class=\"elementor-column elementor-col-100 elementor-top-column elementor-element elementor-element-41fd45ca\" data-id=\"41fd45ca\" data-element_type=\"column\">\n\t\t\t<div class=\"elementor-widget-wrap elementor-element-populated\">\n\t\t\t\t\t\t<div class=\"elementor-element elementor-element-545f1a9 animated-slow elementor-invisible elementor-widget elementor-widget-text-editor\" data-id=\"545f1a9\" data-element_type=\"widget\" data-settings=\"{&quot;_animation&quot;:&quot;fadeIn&quot;}\" data-widget_type=\"text-editor.default\">\n\t\t\t\t<div class=\"elementor-widget-container\">\n\t\t\t\t\t\t\t\t\t<p><a href=\"https:\/\/www.labarberia.net\/ca\/colleccions\/\"><u>COL\u00b7LECCIONS<\/u><\/a><\/p>\n\t\t\t\t\t\t\t\t<\/div>\n\t\t\t\t<\/div>\n\t\t\t\t<div class=\"elementor-element elementor-element-28a22cea elementor-invisible elementor-widget elementor-widget-heading\" data-id=\"28a22cea\" data-element_type=\"widget\" data-settings=\"{&quot;_animation&quot;:&quot;fadeIn&quot;}\" data-widget_type=\"heading.default\">\n\t\t\t\t<div class=\"elementor-widget-container\">\n\t\t\t\t\t<h2 class=\"elementor-heading-title elementor-size-default\">Back to the barber<\/h2>\t\t\t\t<\/div>\n\t\t\t\t<\/div>\n\t\t\t\t<div class=\"elementor-element elementor-element-71c52f17 elementor-invisible elementor-widget elementor-widget-image\" data-id=\"71c52f17\" data-element_type=\"widget\" data-settings=\"{&quot;_animation&quot;:&quot;fadeInUp&quot;}\" data-widget_type=\"image.default\">\n\t\t\t\t<div class=\"elementor-widget-container\">\n\t\t\t\t\t\t\t\t\t\t\t\t\t\t\t<img decoding=\"async\" src=\"https:\/\/www.labarberia.net\/wp-content\/uploads\/elementor\/thumbs\/01-LA-BARBERIA-high-scaled-pgs30pr7jvc2zywbqvtee99lzogmfbdvx59era4x5i.jpg\" title=\"01 LA BARBERIA high\" alt=\"Colecci\u00f3n Back to the barber\" loading=\"lazy\" \/>\t\t\t\t\t\t\t\t\t\t\t\t\t\t\t<\/div>\n\t\t\t\t<\/div>\n\t\t\t\t<div class=\"elementor-element elementor-element-676e6a7 elementor-invisible elementor-widget elementor-widget-text-editor\" data-id=\"676e6a7\" data-element_type=\"widget\" data-settings=\"{&quot;_animation&quot;:&quot;fadeIn&quot;}\" data-widget_type=\"text-editor.default\">\n\t\t\t\t<div class=\"elementor-widget-container\">\n\t\t\t\t\t\t\t\t\t<p>La col\u00b7lecci\u00f3 \u201cBack to the barber\u201d es compon de treballs actuals i molt masculins, buscant unes imatges molt depurades i molt precises, utilitzant t\u00e8cniques pr\u00f2pies de la perruqueria de cavallers\/barberia.<\/p>\n<p>S&#8217;ha donat prefer\u00e8ncia a les t\u00e8cniques basades en m\u00e0quina,\u202fnavalla de buidar i tisora sobre pinta, perqu\u00e8 s\u00f3n les que m\u00e9s representen el nostre ofici.<\/p>\n\t\t\t\t\t\t\t\t<\/div>\n\t\t\t\t<\/div>\n\t\t\t\t<div class=\"elementor-element elementor-element-1ba69591 elementor-invisible elementor-widget elementor-widget-image\" data-id=\"1ba69591\" data-element_type=\"widget\" data-settings=\"{&quot;_animation&quot;:&quot;fadeInRight&quot;}\" data-widget_type=\"image.default\">\n\t\t\t\t<div class=\"elementor-widget-container\">\n\t\t\t\t\t\t\t\t\t\t\t\t\t\t\t<img decoding=\"async\" src=\"https:\/\/www.labarberia.net\/wp-content\/uploads\/elementor\/thumbs\/02-LA-BARBERIA-high-scaled-pgs1ixfoh5pen90xtmtxptw29xkhytutuxd659vx7a.jpg\" title=\"02 LA BARBERIA high\" alt=\"Colecci\u00f3n Back to the barber\" loading=\"lazy\" \/>\t\t\t\t\t\t\t\t\t\t\t\t\t\t\t<\/div>\n\t\t\t\t<\/div>\n\t\t\t\t<div class=\"elementor-element elementor-element-6ed89e4f elementor-invisible elementor-widget elementor-widget-image\" data-id=\"6ed89e4f\" data-element_type=\"widget\" data-settings=\"{&quot;_animation&quot;:&quot;fadeInRight&quot;}\" data-widget_type=\"image.default\">\n\t\t\t\t<div class=\"elementor-widget-container\">\n\t\t\t\t\t\t\t\t\t\t\t\t\t\t\t<img decoding=\"async\" src=\"https:\/\/www.labarberia.net\/wp-content\/uploads\/elementor\/thumbs\/03-LA-BARBERIA-high-scaled-pgs1hxpt9gcie2gtm7e432wjpagjubx120kpwrcvrq.jpg\" title=\"03 LA BARBERIA high\" alt=\"Colecci\u00f3n Back to the barber\" loading=\"lazy\" \/>\t\t\t\t\t\t\t\t\t\t\t\t\t\t\t<\/div>\n\t\t\t\t<\/div>\n\t\t\t\t<div class=\"elementor-element elementor-element-6f4cc11d elementor-invisible elementor-widget elementor-widget-text-editor\" data-id=\"6f4cc11d\" data-element_type=\"widget\" data-settings=\"{&quot;_animation&quot;:&quot;fadeIn&quot;}\" data-widget_type=\"text-editor.default\">\n\t\t\t\t<div class=\"elementor-widget-container\">\n\t\t\t\t\t\t\t\t\t<p>La nostra primera col\u00b7lecci\u00f3 \u201cBack to the barber\u201d, \u00e9s la carta de presentaci\u00f3 de les t\u00e8cniques i treballs que usem en La Barberia de Gr\u00e0cia, que beuen directament de l&#8217;ess\u00e8ncia de la perruqueria masculina tradicional, per\u00f2 reinterpretades i actualitzades a l&#8217;\u00e8poca present.<\/p>\n<p>He pret\u00e8s mostrar el treball que ens distingeix als barbers dels altres professionals de la perruqueria, l\u00ednies molt simples, degradats molt precisos, terminacions molt ben treballades, cuidant al m\u00e0xim els detalls per a aconseguir un aire molt mascul\u00ed. No he volgut desviar l&#8217;atenci\u00f3 de l&#8217;espectador en artificis innecessaris, he fugit de qualsevol ornament superflu perqu\u00e8 tot el protagonisme recaigui en el tall.<\/p>\n\t\t\t\t\t\t\t\t<\/div>\n\t\t\t\t<\/div>\n\t\t\t\t<div class=\"elementor-element elementor-element-f2362d3 elementor-invisible elementor-widget elementor-widget-image\" data-id=\"f2362d3\" data-element_type=\"widget\" data-settings=\"{&quot;_animation&quot;:&quot;fadeInLeft&quot;}\" data-widget_type=\"image.default\">\n\t\t\t\t<div class=\"elementor-widget-container\">\n\t\t\t\t\t\t\t\t\t\t\t\t\t\t\t<img decoding=\"async\" src=\"https:\/\/www.labarberia.net\/wp-content\/uploads\/elementor\/thumbs\/04-LA-BARBERIA-high-scaled-pgs1gls1kwivxyege4o51x01en0txrmpvfayfnbyl2.jpg\" title=\"04 LA BARBERIA high\" alt=\"Colecci\u00f3n Back to the barber\" loading=\"lazy\" \/>\t\t\t\t\t\t\t\t\t\t\t\t\t\t\t<\/div>\n\t\t\t\t<\/div>\n\t\t\t\t<div class=\"elementor-element elementor-element-3fbe78d elementor-invisible elementor-widget elementor-widget-image\" data-id=\"3fbe78d\" data-element_type=\"widget\" data-settings=\"{&quot;_animation&quot;:&quot;fadeInLeft&quot;}\" data-widget_type=\"image.default\">\n\t\t\t\t<div class=\"elementor-widget-container\">\n\t\t\t\t\t\t\t\t\t\t\t\t\t\t\t<img decoding=\"async\" src=\"https:\/\/www.labarberia.net\/wp-content\/uploads\/elementor\/thumbs\/05-LA-BARBERIA-high-scaled-pgs1frp7i7dpmfm59ro2u4laeb533gbb3aff2skj38.jpg\" title=\"05 LA BARBERIA high\" alt=\"Colecci\u00f3n Back to the barber\" loading=\"lazy\" \/>\t\t\t\t\t\t\t\t\t\t\t\t\t\t\t<\/div>\n\t\t\t\t<\/div>\n\t\t\t\t<div class=\"elementor-element elementor-element-2b5ad3b6 elementor-invisible elementor-widget elementor-widget-text-editor\" data-id=\"2b5ad3b6\" data-element_type=\"widget\" data-settings=\"{&quot;_animation&quot;:&quot;fadeIn&quot;}\" data-widget_type=\"text-editor.default\">\n\t\t\t\t<div class=\"elementor-widget-container\">\n\t\t\t\t\t\t\t\t\t<p>La col\u00b7lecci\u00f3 s&#8217;ha realitzat en blanc i negre, per a real\u00e7ar l&#8217;estil mascul\u00ed.<\/p>\n<p>Creiem que la barberia est\u00e0 vivint un auge i que a poc a poc el nostre ofici est\u00e0 recuperant el prestigi que fins fa poc havia perdut. Em sento integrant de tota una nova generaci\u00f3 de professionals, apassionats pel nostre treball, que compartim inquietuds.<\/p>\n\t\t\t\t\t\t\t\t<\/div>\n\t\t\t\t<\/div>\n\t\t\t\t<div class=\"elementor-element elementor-element-45477882 elementor-invisible elementor-widget elementor-widget-image\" data-id=\"45477882\" data-element_type=\"widget\" data-settings=\"{&quot;_animation&quot;:&quot;fadeInRight&quot;}\" data-widget_type=\"image.default\">\n\t\t\t\t<div class=\"elementor-widget-container\">\n\t\t\t\t\t\t\t\t\t\t\t\t\t\t\t<img decoding=\"async\" src=\"https:\/\/www.labarberia.net\/wp-content\/uploads\/elementor\/thumbs\/06-LA-BARBERIA-high-scaled-pgs1ewoj8o78zav7aw9e1uf2sldz1fw5z0we8nujti.jpg\" title=\"06 LA BARBERIA high\" alt=\"Colecci\u00f3n Back to the barber\" loading=\"lazy\" \/>\t\t\t\t\t\t\t\t\t\t\t\t\t\t\t<\/div>\n\t\t\t\t<\/div>\n\t\t\t\t<div class=\"elementor-element elementor-element-f07bbe4 elementor-invisible elementor-widget elementor-widget-image\" data-id=\"f07bbe4\" data-element_type=\"widget\" data-settings=\"{&quot;_animation&quot;:&quot;fadeInRight&quot;}\" data-widget_type=\"image.default\">\n\t\t\t\t<div class=\"elementor-widget-container\">\n\t\t\t\t\t\t\t\t\t\t\t\t\t\t\t<img decoding=\"async\" src=\"https:\/\/www.labarberia.net\/wp-content\/uploads\/elementor\/thumbs\/07-LA-BARBERIA-high-scaled-pgs1dgzess8h8qyaorwwqpgq4egsa36xfx0oufz7bq.jpg\" title=\"07 LA BARBERIA high\" alt=\"Colecci\u00f3n Back to the barber\" loading=\"lazy\" \/>\t\t\t\t\t\t\t\t\t\t\t\t\t\t\t<\/div>\n\t\t\t\t<\/div>\n\t\t\t\t<div class=\"elementor-element elementor-element-c9ef090 elementor-invisible elementor-widget elementor-widget-image\" data-id=\"c9ef090\" data-element_type=\"widget\" data-settings=\"{&quot;_animation&quot;:&quot;fadeInUp&quot;}\" data-widget_type=\"image.default\">\n\t\t\t\t<div class=\"elementor-widget-container\">\n\t\t\t\t\t\t\t\t\t\t\t\t\t\t\t<img decoding=\"async\" src=\"https:\/\/www.labarberia.net\/wp-content\/uploads\/elementor\/thumbs\/08-LA-BARBERIA-high-scaled-pgs1cckcmwp5dil08sfy9hnwku0033qgycyt7jn4ra.jpg\" title=\"08 LA BARBERIA high\" alt=\"Colecci\u00f3n Back to the barber\" loading=\"lazy\" \/>\t\t\t\t\t\t\t\t\t\t\t\t\t\t\t<\/div>\n\t\t\t\t<\/div>\n\t\t\t\t<div class=\"elementor-element elementor-element-388b9b88 elementor-invisible elementor-widget elementor-widget-text-editor\" data-id=\"388b9b88\" data-element_type=\"widget\" data-settings=\"{&quot;_animation&quot;:&quot;fadeIn&quot;}\" data-widget_type=\"text-editor.default\">\n\t\t\t\t<div class=\"elementor-widget-container\">\n\t\t\t\t\t\t\t\t\t<p>CREDITS<\/p>\n<p><span data-contrast=\"auto\"><strong>Fotograf\u00eda<\/strong>:\u00a0 David Arnal<\/span><span data-ccp-props=\"{\">\u00a0<br \/><\/span><span data-contrast=\"auto\"><strong>Dise\u00f1o del vestuario<\/strong>:\u00a0 In\u00e9s\u00a0Vilagut<\/span><span data-ccp-props=\"{\">\u00a0<br \/><\/span><span data-contrast=\"auto\"><strong>Maquillaje<\/strong>:\u00a0 La Barberia de Gr\u00e0cia<\/span><span data-ccp-props=\"{\">\u00a0<br \/><\/span><span data-contrast=\"auto\"><strong>Peluquer\u00eda<\/strong>:\u00a0 Jordi P\u00e9rez\/ La Barberia de Gr\u00e0cia<\/span><span data-ccp-props=\"{\">\u00a0<\/span><\/p>\n\t\t\t\t\t\t\t\t<\/div>\n\t\t\t\t<\/div>\n\t\t\t\t\t<\/div>\n\t\t<\/div>\n\t\t\t\t\t<\/div>\n\t\t<\/section>\n\t\t\t\t<\/div>\n\t\t","protected":false},"excerpt":{"rendered":"<p>COL\u00b7LECCIONS Back to the barber La col\u00b7lecci\u00f3 \u201cBack to the barber\u201d es compon de treballs actuals i molt masculins, buscant unes imatges molt depurades i molt precises, utilitzant t\u00e8cniques pr\u00f2pies de la perruqueria de cavallers\/barberia. S&#8217;ha donat prefer\u00e8ncia a les t\u00e8cniques basades en m\u00e0quina,\u202fnavalla de buidar i tisora sobre pinta, perqu\u00e8 s\u00f3n les que m\u00e9s [&hellip;]<\/p>\n","protected":false},"author":1,"featured_media":0,"parent":0,"menu_order":0,"comment_status":"closed","ping_status":"closed","template":"","meta":{"footnotes":""},"categories":[],"tags":[],"class_list":["post-3187","page","type-page","status-publish","hentry"],"acf":[],"yoast_head":"<!-- This site is optimized with the Yoast SEO plugin v25.3.1 - https:\/\/yoast.com\/wordpress\/plugins\/seo\/ -->\n<title>Col\u00b7lecci\u00f3 &quot;Back to the barber&quot; - La Barberia de Gr\u00e0cia<\/title>\n<meta name=\"robots\" content=\"index, follow, max-snippet:-1, max-image-preview:large, max-video-preview:-1\" \/>\n<link rel=\"canonical\" href=\"https:\/\/www.labarberia.net\/ca\/colleccio-back-to-the-barber\/\" \/>\n<meta property=\"og:locale\" content=\"ca_ES\" \/>\n<meta property=\"og:type\" content=\"article\" \/>\n<meta property=\"og:title\" content=\"Col\u00b7lecci\u00f3 &quot;Back to the barber&quot; - La Barberia de Gr\u00e0cia\" \/>\n<meta property=\"og:description\" content=\"COL\u00b7LECCIONS Back to the barber La col\u00b7lecci\u00f3 \u201cBack to the barber\u201d es compon de treballs actuals i molt masculins, buscant unes imatges molt depurades i molt precises, utilitzant t\u00e8cniques pr\u00f2pies de la perruqueria de cavallers\/barberia. S&#8217;ha donat prefer\u00e8ncia a les t\u00e8cniques basades en m\u00e0quina,\u202fnavalla de buidar i tisora sobre pinta, perqu\u00e8 s\u00f3n les que m\u00e9s [&hellip;]\" \/>\n<meta property=\"og:url\" content=\"https:\/\/www.labarberia.net\/ca\/colleccio-back-to-the-barber\/\" \/>\n<meta property=\"og:site_name\" content=\"La Barberia de Gr\u00e0cia\" \/>\n<meta property=\"article:publisher\" content=\"https:\/\/www.facebook.com\/la.barberia.de.gracia\" \/>\n<meta property=\"article:modified_time\" content=\"2021-11-29T15:17:36+00:00\" \/>\n<meta property=\"og:image\" content=\"https:\/\/www.labarberia.net\/wp-content\/uploads\/elementor\/thumbs\/01-LA-BARBERIA-high-scaled-pgs30pr7jvc2zywbqvtee99lzogmfbdvx59era4x5s.jpg\" \/>\n<meta name=\"twitter:card\" content=\"summary_large_image\" \/>\n<meta name=\"twitter:site\" content=\"@jordilabarberia\" \/>\n<meta name=\"twitter:label1\" content=\"Temps estimat de lectura\" \/>\n\t<meta name=\"twitter:data1\" content=\"1 minut\" \/>\n<script type=\"application\/ld+json\" class=\"yoast-schema-graph\">{\"@context\":\"https:\/\/schema.org\",\"@graph\":[{\"@type\":\"WebPage\",\"@id\":\"https:\/\/www.labarberia.net\/ca\/colleccio-back-to-the-barber\/\",\"url\":\"https:\/\/www.labarberia.net\/ca\/colleccio-back-to-the-barber\/\",\"name\":\"Col\u00b7lecci\u00f3 \\\"Back to the barber\\\" - La Barberia de Gr\u00e0cia\",\"isPartOf\":{\"@id\":\"https:\/\/www.labarberia.net\/#website\"},\"primaryImageOfPage\":{\"@id\":\"https:\/\/www.labarberia.net\/ca\/colleccio-back-to-the-barber\/#primaryimage\"},\"image\":{\"@id\":\"https:\/\/www.labarberia.net\/ca\/colleccio-back-to-the-barber\/#primaryimage\"},\"thumbnailUrl\":\"https:\/\/www.labarberia.net\/wp-content\/uploads\/elementor\/thumbs\/01-LA-BARBERIA-high-scaled-pgs30pr7jvc2zywbqvtee99lzogmfbdvx59era4x5s.jpg\",\"datePublished\":\"2021-11-29T15:17:33+00:00\",\"dateModified\":\"2021-11-29T15:17:36+00:00\",\"breadcrumb\":{\"@id\":\"https:\/\/www.labarberia.net\/ca\/colleccio-back-to-the-barber\/#breadcrumb\"},\"inLanguage\":\"ca\",\"potentialAction\":[{\"@type\":\"ReadAction\",\"target\":[\"https:\/\/www.labarberia.net\/ca\/colleccio-back-to-the-barber\/\"]}]},{\"@type\":\"ImageObject\",\"inLanguage\":\"ca\",\"@id\":\"https:\/\/www.labarberia.net\/ca\/colleccio-back-to-the-barber\/#primaryimage\",\"url\":\"https:\/\/www.labarberia.net\/wp-content\/uploads\/elementor\/thumbs\/01-LA-BARBERIA-high-scaled-pgs30pr7jvc2zywbqvtee99lzogmfbdvx59era4x5s.jpg\",\"contentUrl\":\"https:\/\/www.labarberia.net\/wp-content\/uploads\/elementor\/thumbs\/01-LA-BARBERIA-high-scaled-pgs30pr7jvc2zywbqvtee99lzogmfbdvx59era4x5s.jpg\"},{\"@type\":\"BreadcrumbList\",\"@id\":\"https:\/\/www.labarberia.net\/ca\/colleccio-back-to-the-barber\/#breadcrumb\",\"itemListElement\":[{\"@type\":\"ListItem\",\"position\":1,\"name\":\"Home\",\"item\":\"https:\/\/www.labarberia.net\/ca\/\"},{\"@type\":\"ListItem\",\"position\":2,\"name\":\"Col\u00b7lecci\u00f3 &#8220;Back to the barber&#8221;\"}]},{\"@type\":\"WebSite\",\"@id\":\"https:\/\/www.labarberia.net\/#website\",\"url\":\"https:\/\/www.labarberia.net\/\",\"name\":\"La Barberia de Gr\u00e0cia\",\"description\":\"Peluqueria masculina para hombres\",\"publisher\":{\"@id\":\"https:\/\/www.labarberia.net\/#organization\"},\"potentialAction\":[{\"@type\":\"SearchAction\",\"target\":{\"@type\":\"EntryPoint\",\"urlTemplate\":\"https:\/\/www.labarberia.net\/?s={search_term_string}\"},\"query-input\":{\"@type\":\"PropertyValueSpecification\",\"valueRequired\":true,\"valueName\":\"search_term_string\"}}],\"inLanguage\":\"ca\"},{\"@type\":\"Organization\",\"@id\":\"https:\/\/www.labarberia.net\/#organization\",\"name\":\"La Barberia de Gr\u00e0cia\",\"url\":\"https:\/\/www.labarberia.net\/\",\"logo\":{\"@type\":\"ImageObject\",\"inLanguage\":\"ca\",\"@id\":\"https:\/\/www.labarberia.net\/#\/schema\/logo\/image\/\",\"url\":\"https:\/\/www.labarberia.net\/wp-content\/uploads\/2021\/06\/LogoLaBarberia-black.png\",\"contentUrl\":\"https:\/\/www.labarberia.net\/wp-content\/uploads\/2021\/06\/LogoLaBarberia-black.png\",\"width\":1782,\"height\":144,\"caption\":\"La Barberia de Gr\u00e0cia\"},\"image\":{\"@id\":\"https:\/\/www.labarberia.net\/#\/schema\/logo\/image\/\"},\"sameAs\":[\"https:\/\/www.facebook.com\/la.barberia.de.gracia\",\"https:\/\/x.com\/jordilabarberia\",\"https:\/\/www.instagram.com\/labarberia\"]}]}<\/script>\n<!-- \/ Yoast SEO plugin. -->","yoast_head_json":{"title":"Col\u00b7lecci\u00f3 \"Back to the barber\" - La Barberia de Gr\u00e0cia","robots":{"index":"index","follow":"follow","max-snippet":"max-snippet:-1","max-image-preview":"max-image-preview:large","max-video-preview":"max-video-preview:-1"},"canonical":"https:\/\/www.labarberia.net\/ca\/colleccio-back-to-the-barber\/","og_locale":"ca_ES","og_type":"article","og_title":"Col\u00b7lecci\u00f3 \"Back to the barber\" - La Barberia de Gr\u00e0cia","og_description":"COL\u00b7LECCIONS Back to the barber La col\u00b7lecci\u00f3 \u201cBack to the barber\u201d es compon de treballs actuals i molt masculins, buscant unes imatges molt depurades i molt precises, utilitzant t\u00e8cniques pr\u00f2pies de la perruqueria de cavallers\/barberia. S&#8217;ha donat prefer\u00e8ncia a les t\u00e8cniques basades en m\u00e0quina,\u202fnavalla de buidar i tisora sobre pinta, perqu\u00e8 s\u00f3n les que m\u00e9s [&hellip;]","og_url":"https:\/\/www.labarberia.net\/ca\/colleccio-back-to-the-barber\/","og_site_name":"La Barberia de Gr\u00e0cia","article_publisher":"https:\/\/www.facebook.com\/la.barberia.de.gracia","article_modified_time":"2021-11-29T15:17:36+00:00","og_image":[{"url":"https:\/\/www.labarberia.net\/wp-content\/uploads\/elementor\/thumbs\/01-LA-BARBERIA-high-scaled-pgs30pr7jvc2zywbqvtee99lzogmfbdvx59era4x5s.jpg","type":"","width":"","height":""}],"twitter_card":"summary_large_image","twitter_site":"@jordilabarberia","twitter_misc":{"Temps estimat de lectura":"1 minut"},"schema":{"@context":"https:\/\/schema.org","@graph":[{"@type":"WebPage","@id":"https:\/\/www.labarberia.net\/ca\/colleccio-back-to-the-barber\/","url":"https:\/\/www.labarberia.net\/ca\/colleccio-back-to-the-barber\/","name":"Col\u00b7lecci\u00f3 \"Back to the barber\" - La Barberia de Gr\u00e0cia","isPartOf":{"@id":"https:\/\/www.labarberia.net\/#website"},"primaryImageOfPage":{"@id":"https:\/\/www.labarberia.net\/ca\/colleccio-back-to-the-barber\/#primaryimage"},"image":{"@id":"https:\/\/www.labarberia.net\/ca\/colleccio-back-to-the-barber\/#primaryimage"},"thumbnailUrl":"https:\/\/www.labarberia.net\/wp-content\/uploads\/elementor\/thumbs\/01-LA-BARBERIA-high-scaled-pgs30pr7jvc2zywbqvtee99lzogmfbdvx59era4x5s.jpg","datePublished":"2021-11-29T15:17:33+00:00","dateModified":"2021-11-29T15:17:36+00:00","breadcrumb":{"@id":"https:\/\/www.labarberia.net\/ca\/colleccio-back-to-the-barber\/#breadcrumb"},"inLanguage":"ca","potentialAction":[{"@type":"ReadAction","target":["https:\/\/www.labarberia.net\/ca\/colleccio-back-to-the-barber\/"]}]},{"@type":"ImageObject","inLanguage":"ca","@id":"https:\/\/www.labarberia.net\/ca\/colleccio-back-to-the-barber\/#primaryimage","url":"https:\/\/www.labarberia.net\/wp-content\/uploads\/elementor\/thumbs\/01-LA-BARBERIA-high-scaled-pgs30pr7jvc2zywbqvtee99lzogmfbdvx59era4x5s.jpg","contentUrl":"https:\/\/www.labarberia.net\/wp-content\/uploads\/elementor\/thumbs\/01-LA-BARBERIA-high-scaled-pgs30pr7jvc2zywbqvtee99lzogmfbdvx59era4x5s.jpg"},{"@type":"BreadcrumbList","@id":"https:\/\/www.labarberia.net\/ca\/colleccio-back-to-the-barber\/#breadcrumb","itemListElement":[{"@type":"ListItem","position":1,"name":"Home","item":"https:\/\/www.labarberia.net\/ca\/"},{"@type":"ListItem","position":2,"name":"Col\u00b7lecci\u00f3 &#8220;Back to the barber&#8221;"}]},{"@type":"WebSite","@id":"https:\/\/www.labarberia.net\/#website","url":"https:\/\/www.labarberia.net\/","name":"La Barberia de Gr\u00e0cia","description":"Peluqueria masculina para hombres","publisher":{"@id":"https:\/\/www.labarberia.net\/#organization"},"potentialAction":[{"@type":"SearchAction","target":{"@type":"EntryPoint","urlTemplate":"https:\/\/www.labarberia.net\/?s={search_term_string}"},"query-input":{"@type":"PropertyValueSpecification","valueRequired":true,"valueName":"search_term_string"}}],"inLanguage":"ca"},{"@type":"Organization","@id":"https:\/\/www.labarberia.net\/#organization","name":"La Barberia de Gr\u00e0cia","url":"https:\/\/www.labarberia.net\/","logo":{"@type":"ImageObject","inLanguage":"ca","@id":"https:\/\/www.labarberia.net\/#\/schema\/logo\/image\/","url":"https:\/\/www.labarberia.net\/wp-content\/uploads\/2021\/06\/LogoLaBarberia-black.png","contentUrl":"https:\/\/www.labarberia.net\/wp-content\/uploads\/2021\/06\/LogoLaBarberia-black.png","width":1782,"height":144,"caption":"La Barberia de Gr\u00e0cia"},"image":{"@id":"https:\/\/www.labarberia.net\/#\/schema\/logo\/image\/"},"sameAs":["https:\/\/www.facebook.com\/la.barberia.de.gracia","https:\/\/x.com\/jordilabarberia","https:\/\/www.instagram.com\/labarberia"]}]}},"_links":{"self":[{"href":"https:\/\/www.labarberia.net\/ca\/wp-json\/wp\/v2\/pages\/3187","targetHints":{"allow":["GET"]}}],"collection":[{"href":"https:\/\/www.labarberia.net\/ca\/wp-json\/wp\/v2\/pages"}],"about":[{"href":"https:\/\/www.labarberia.net\/ca\/wp-json\/wp\/v2\/types\/page"}],"author":[{"embeddable":true,"href":"https:\/\/www.labarberia.net\/ca\/wp-json\/wp\/v2\/users\/1"}],"replies":[{"embeddable":true,"href":"https:\/\/www.labarberia.net\/ca\/wp-json\/wp\/v2\/comments?post=3187"}],"version-history":[{"count":1,"href":"https:\/\/www.labarberia.net\/ca\/wp-json\/wp\/v2\/pages\/3187\/revisions"}],"predecessor-version":[{"id":3188,"href":"https:\/\/www.labarberia.net\/ca\/wp-json\/wp\/v2\/pages\/3187\/revisions\/3188"}],"wp:attachment":[{"href":"https:\/\/www.labarberia.net\/ca\/wp-json\/wp\/v2\/media?parent=3187"}],"wp:term":[{"taxonomy":"category","embeddable":true,"href":"https:\/\/www.labarberia.net\/ca\/wp-json\/wp\/v2\/categories?post=3187"},{"taxonomy":"post_tag","embeddable":true,"href":"https:\/\/www.labarberia.net\/ca\/wp-json\/wp\/v2\/tags?post=3187"}],"curies":[{"name":"wp","href":"https:\/\/api.w.org\/{rel}","templated":true}]}}