{"id":3167,"date":"2021-11-29T17:06:45","date_gmt":"2021-11-29T15:06:45","guid":{"rendered":"https:\/\/www.labarberia.net\/colleccio-unknown-world\/"},"modified":"2021-11-29T17:06:46","modified_gmt":"2021-11-29T15:06:46","slug":"colleccio-unknown-world","status":"publish","type":"page","link":"https:\/\/www.labarberia.net\/ca\/colleccio-unknown-world\/","title":{"rendered":"Col\u00b7lecci\u00f3 &#8220;Unknown world&#8221;"},"content":{"rendered":"\t\t<div data-elementor-type=\"wp-page\" data-elementor-id=\"3167\" class=\"elementor elementor-3167 elementor-1652\" data-elementor-post-type=\"page\">\n\t\t\t\t\t\t<section class=\"elementor-section elementor-top-section elementor-element elementor-element-285136be elementor-section-boxed elementor-section-height-default elementor-section-height-default\" data-id=\"285136be\" data-element_type=\"section\" data-settings=\"{&quot;background_background&quot;:&quot;classic&quot;}\">\n\t\t\t\t\t\t<div class=\"elementor-container elementor-column-gap-default\">\n\t\t\t\t\t<div class=\"elementor-column elementor-col-100 elementor-top-column elementor-element elementor-element-3d26f13a\" data-id=\"3d26f13a\" data-element_type=\"column\">\n\t\t\t<div class=\"elementor-widget-wrap elementor-element-populated\">\n\t\t\t\t\t\t<div class=\"elementor-element elementor-element-72dbd96 elementor-invisible elementor-widget elementor-widget-text-editor\" data-id=\"72dbd96\" data-element_type=\"widget\" data-settings=\"{&quot;_animation&quot;:&quot;fadeIn&quot;}\" data-widget_type=\"text-editor.default\">\n\t\t\t\t<div class=\"elementor-widget-container\">\n\t\t\t\t\t\t\t\t\t<p><a href=\"https:\/\/www.labarberia.net\/ca\/colleccions\/\"><u>COL\u00b7LECCIONS<\/u><\/a><\/p>\n\t\t\t\t\t\t\t\t<\/div>\n\t\t\t\t<\/div>\n\t\t\t\t<div class=\"elementor-element elementor-element-12f76b65 elementor-invisible elementor-widget elementor-widget-heading\" data-id=\"12f76b65\" data-element_type=\"widget\" data-settings=\"{&quot;_animation&quot;:&quot;fadeIn&quot;}\" data-widget_type=\"heading.default\">\n\t\t\t\t<div class=\"elementor-widget-container\">\n\t\t\t\t\t<h2 class=\"elementor-heading-title elementor-size-default\">Unknown world<\/h2>\t\t\t\t<\/div>\n\t\t\t\t<\/div>\n\t\t\t\t<div class=\"elementor-element elementor-element-10980aa5 elementor-invisible elementor-widget elementor-widget-image\" data-id=\"10980aa5\" data-element_type=\"widget\" data-settings=\"{&quot;_animation&quot;:&quot;fadeInUp&quot;}\" data-widget_type=\"image.default\">\n\t\t\t\t<div class=\"elementor-widget-container\">\n\t\t\t\t\t\t\t\t\t\t\t\t\t\t\t<img decoding=\"async\" src=\"https:\/\/www.labarberia.net\/wp-content\/uploads\/2021\/07\/WOMEN01-scaled.jpg\" title=\"WOMEN01\" alt=\"Colecci\u00f3n Unknown world\" loading=\"lazy\" \/>\t\t\t\t\t\t\t\t\t\t\t\t\t\t\t<\/div>\n\t\t\t\t<\/div>\n\t\t\t\t<div class=\"elementor-element elementor-element-7ea172d8 elementor-invisible elementor-widget elementor-widget-text-editor\" data-id=\"7ea172d8\" data-element_type=\"widget\" data-settings=\"{&quot;_animation&quot;:&quot;fadeIn&quot;}\" data-widget_type=\"text-editor.default\">\n\t\t\t\t<div class=\"elementor-widget-container\">\n\t\t\t\t\t\t\t\t\t<div class=\"traductor-textarea form-group\">\n<div class=\"textarea-desti col-xs-12 col-sm-6\">\n<div class=\"form-control second-textarea\">L&#8217;univers femen\u00ed, tan complex com apassionant, per\u00f2 tan lluny\u00e0 per a nosaltres professionalment,\u00a0som barbers. Hem decidit endinsar-nos i explorar alguna de les infinites possibilitats que ens oferia el fet de treballar (per primera vegada) amb dones.<\/div>\n<\/div>\n<\/div>\n<div class=\"traductor-checkbox form-group\">\n<div class=\"row\">\n<div class=\"col-sm-offset-2 col-sm-5\"><\/div>\n<\/div>\n<\/div>\n\t\t\t\t\t\t\t\t<\/div>\n\t\t\t\t<\/div>\n\t\t\t\t<div class=\"elementor-element elementor-element-1d4c018c elementor-invisible elementor-widget elementor-widget-image\" data-id=\"1d4c018c\" data-element_type=\"widget\" data-settings=\"{&quot;_animation&quot;:&quot;fadeInRight&quot;}\" data-widget_type=\"image.default\">\n\t\t\t\t<div class=\"elementor-widget-container\">\n\t\t\t\t\t\t\t\t\t\t\t\t\t\t\t<img decoding=\"async\" src=\"https:\/\/www.labarberia.net\/wp-content\/uploads\/elementor\/thumbs\/WOMEN02-scaled-pgs46a69s48kf6ip0ungnrnfp3kytgekavuersi1dc.jpg\" title=\"WOMEN02\" alt=\"Colecci\u00f3n Unknown world\" loading=\"lazy\" \/>\t\t\t\t\t\t\t\t\t\t\t\t\t\t\t<\/div>\n\t\t\t\t<\/div>\n\t\t\t\t<div class=\"elementor-element elementor-element-22ead1c1 elementor-invisible elementor-widget elementor-widget-image\" data-id=\"22ead1c1\" data-element_type=\"widget\" data-settings=\"{&quot;_animation&quot;:&quot;fadeInRight&quot;}\" data-widget_type=\"image.default\">\n\t\t\t\t<div class=\"elementor-widget-container\">\n\t\t\t\t\t\t\t\t\t\t\t\t\t\t\t<img decoding=\"async\" src=\"https:\/\/www.labarberia.net\/wp-content\/uploads\/elementor\/thumbs\/WOMEN03-scaled-pgs44aqjcpirwteglzrte9oejtd2kgiyp29iarfyi8.jpg\" title=\"WOMEN03\" alt=\"Colecci\u00f3n Unknown world\" loading=\"lazy\" \/>\t\t\t\t\t\t\t\t\t\t\t\t\t\t\t<\/div>\n\t\t\t\t<\/div>\n\t\t\t\t<div class=\"elementor-element elementor-element-46b47d97 elementor-invisible elementor-widget elementor-widget-text-editor\" data-id=\"46b47d97\" data-element_type=\"widget\" data-settings=\"{&quot;_animation&quot;:&quot;fadeIn&quot;}\" data-widget_type=\"text-editor.default\">\n\t\t\t\t<div class=\"elementor-widget-container\">\n\t\t\t\t\t\t\t\t\t<div class=\"traductor-textarea form-group\">\n<div class=\"textarea-desti col-xs-12 col-sm-6\">\n<div class=\"form-control second-textarea\">I hem quedat encantats amb el resultat. Formes, colors, textures, geometries\u2026 tot all\u00f2 que tantes altres vegades hav\u00edem vist realitzar a altres companys d&#8217;ofici, aquesta vegada \u00e9rem nosaltres els que ho f\u00e8iem, posant en pr\u00e0ctica t\u00e8cniques pr\u00f2pies i adquirides en infinitat de formacions, canviant la nostra visi\u00f3 del que vol\u00edem com a resultat final i deixant simplement que la perruqueria flu\u00eds de les nostres mans i les nostres ments.<\/div>\n<\/div>\n<\/div>\n\t\t\t\t\t\t\t\t<\/div>\n\t\t\t\t<\/div>\n\t\t\t\t<div class=\"elementor-element elementor-element-64d73516 elementor-invisible elementor-widget elementor-widget-image\" data-id=\"64d73516\" data-element_type=\"widget\" data-settings=\"{&quot;_animation&quot;:&quot;fadeInLeft&quot;}\" data-widget_type=\"image.default\">\n\t\t\t\t<div class=\"elementor-widget-container\">\n\t\t\t\t\t\t\t\t\t\t\t\t\t\t\t<img decoding=\"async\" src=\"https:\/\/www.labarberia.net\/wp-content\/uploads\/elementor\/thumbs\/WOMEN04-scaled-pgs3vjulr7jpvg3uopnsoz4zjqh3xusvtrpuj2euia.jpg\" title=\"WOMEN04\" alt=\"Colecci\u00f3n Unknown world\" loading=\"lazy\" \/>\t\t\t\t\t\t\t\t\t\t\t\t\t\t\t<\/div>\n\t\t\t\t<\/div>\n\t\t\t\t<div class=\"elementor-element elementor-element-3068d54b elementor-invisible elementor-widget elementor-widget-text-editor\" data-id=\"3068d54b\" data-element_type=\"widget\" data-settings=\"{&quot;_animation&quot;:&quot;fadeIn&quot;}\" data-widget_type=\"text-editor.default\">\n\t\t\t\t<div class=\"elementor-widget-container\">\n\t\t\t\t\t\t\t\t\t<div class=\"traductor-textarea form-group\">\n<div class=\"textarea-desti col-xs-12 col-sm-6\">\n<div class=\"form-control second-textarea\">Ens hem endinsat en un m\u00f3n fins ara desconegut i ens ha agradat molt l&#8217;experi\u00e8ncia, de fet, ens ha enamorat i qui sap\u2026<\/div>\n<\/div>\n<\/div>\n\t\t\t\t\t\t\t\t<\/div>\n\t\t\t\t<\/div>\n\t\t\t\t<div class=\"elementor-element elementor-element-262c3698 elementor-invisible elementor-widget elementor-widget-image\" data-id=\"262c3698\" data-element_type=\"widget\" data-settings=\"{&quot;_animation&quot;:&quot;fadeInUp&quot;}\" data-widget_type=\"image.default\">\n\t\t\t\t<div class=\"elementor-widget-container\">\n\t\t\t\t\t\t\t\t\t\t\t\t\t\t\t<img decoding=\"async\" src=\"https:\/\/www.labarberia.net\/wp-content\/uploads\/elementor\/thumbs\/WOMEN05-scaled-pgs3t794o4bwujiqep3dgkhi3222p3h1i505c5w9yo.jpg\" title=\"WOMEN05\" alt=\"Colecci\u00f3n Unknown world\" loading=\"lazy\" \/>\t\t\t\t\t\t\t\t\t\t\t\t\t\t\t<\/div>\n\t\t\t\t<\/div>\n\t\t\t\t<div class=\"elementor-element elementor-element-35b2840 elementor-invisible elementor-widget elementor-widget-image\" data-id=\"35b2840\" data-element_type=\"widget\" data-settings=\"{&quot;_animation&quot;:&quot;fadeInUp&quot;}\" data-widget_type=\"image.default\">\n\t\t\t\t<div class=\"elementor-widget-container\">\n\t\t\t\t\t\t\t\t\t\t\t\t\t\t\t<img decoding=\"async\" src=\"https:\/\/www.labarberia.net\/wp-content\/uploads\/elementor\/thumbs\/WOMEN06-scaled-pgs3s0ye4kq0c3869ot5ud5rcpuk2pt4cbnaqpmzqo.jpg\" title=\"WOMEN06\" alt=\"Colecci\u00f3n Unknown world\" loading=\"lazy\" \/>\t\t\t\t\t\t\t\t\t\t\t\t\t\t\t<\/div>\n\t\t\t\t<\/div>\n\t\t\t\t<div class=\"elementor-element elementor-element-41ce7421 elementor-invisible elementor-widget elementor-widget-text-editor\" data-id=\"41ce7421\" data-element_type=\"widget\" data-settings=\"{&quot;_animation&quot;:&quot;fadeIn&quot;}\" data-widget_type=\"text-editor.default\">\n\t\t\t\t<div class=\"elementor-widget-container\">\n\t\t\t\t\t\t\t\t\t<p><strong>CREDITS<\/strong><\/p>\n<p><span data-contrast=\"auto\"><strong>Hairdresser<\/strong>: Jordi P\u00e9rez \u2013 La Barberia de Gr\u00e0cia<\/span><span data-ccp-props=\"{\">\u00a0<br \/><\/span><span data-contrast=\"auto\"><strong>Photographer<\/strong>:\u00a0Sergi\u00a0Jasanada<\/span><span data-ccp-props=\"{\">\u00a0<br \/><\/span><span data-contrast=\"auto\"><strong>Makeup<\/strong>:\u00a0<\/span><span data-contrast=\"auto\">M\u00f3nica Mart\u00ednez<\/span><span data-ccp-props=\"{\">\u00a0<br \/><\/span><span data-contrast=\"auto\"><strong>Costumes<\/strong>:\u00a0\u00c1ngel Cabezuelo<\/span><span data-ccp-props=\"{\">\u00a0<\/span><\/p>\n\t\t\t\t\t\t\t\t<\/div>\n\t\t\t\t<\/div>\n\t\t\t\t\t<\/div>\n\t\t<\/div>\n\t\t\t\t\t<\/div>\n\t\t<\/section>\n\t\t\t\t<\/div>\n\t\t","protected":false},"excerpt":{"rendered":"<p>COL\u00b7LECCIONS Unknown world L&#8217;univers femen\u00ed, tan complex com apassionant, per\u00f2 tan lluny\u00e0 per a nosaltres professionalment,\u00a0som barbers. Hem decidit endinsar-nos i explorar alguna de les infinites possibilitats que ens oferia el fet de treballar (per primera vegada) amb dones. I hem quedat encantats amb el resultat. Formes, colors, textures, geometries\u2026 tot all\u00f2 que tantes altres [&hellip;]<\/p>\n","protected":false},"author":1,"featured_media":0,"parent":0,"menu_order":0,"comment_status":"closed","ping_status":"closed","template":"","meta":{"footnotes":""},"categories":[],"tags":[],"class_list":["post-3167","page","type-page","status-publish","hentry"],"acf":[],"yoast_head":"<!-- This site is optimized with the Yoast SEO plugin v25.3.1 - https:\/\/yoast.com\/wordpress\/plugins\/seo\/ -->\n<title>Col\u00b7lecci\u00f3 &quot;Unknown world&quot; - La Barberia de Gr\u00e0cia<\/title>\n<meta name=\"robots\" content=\"index, follow, max-snippet:-1, max-image-preview:large, max-video-preview:-1\" \/>\n<link rel=\"canonical\" href=\"https:\/\/www.labarberia.net\/ca\/colleccio-unknown-world\/\" \/>\n<meta property=\"og:locale\" content=\"ca_ES\" \/>\n<meta property=\"og:type\" content=\"article\" \/>\n<meta property=\"og:title\" content=\"Col\u00b7lecci\u00f3 &quot;Unknown world&quot; - La Barberia de Gr\u00e0cia\" \/>\n<meta property=\"og:description\" content=\"COL\u00b7LECCIONS Unknown world L&#8217;univers femen\u00ed, tan complex com apassionant, per\u00f2 tan lluny\u00e0 per a nosaltres professionalment,\u00a0som barbers. Hem decidit endinsar-nos i explorar alguna de les infinites possibilitats que ens oferia el fet de treballar (per primera vegada) amb dones. I hem quedat encantats amb el resultat. Formes, colors, textures, geometries\u2026 tot all\u00f2 que tantes altres [&hellip;]\" \/>\n<meta property=\"og:url\" content=\"https:\/\/www.labarberia.net\/ca\/colleccio-unknown-world\/\" \/>\n<meta property=\"og:site_name\" content=\"La Barberia de Gr\u00e0cia\" \/>\n<meta property=\"article:publisher\" content=\"https:\/\/www.facebook.com\/la.barberia.de.gracia\" \/>\n<meta property=\"article:modified_time\" content=\"2021-11-29T15:06:46+00:00\" \/>\n<meta property=\"og:image\" content=\"https:\/\/www.labarberia.net\/wp-content\/uploads\/2021\/07\/WOMEN01-scaled.jpg\" \/>\n<meta name=\"twitter:card\" content=\"summary_large_image\" \/>\n<meta name=\"twitter:site\" content=\"@jordilabarberia\" \/>\n<meta name=\"twitter:label1\" content=\"Temps estimat de lectura\" \/>\n\t<meta name=\"twitter:data1\" content=\"1 minut\" \/>\n<script type=\"application\/ld+json\" class=\"yoast-schema-graph\">{\"@context\":\"https:\/\/schema.org\",\"@graph\":[{\"@type\":\"WebPage\",\"@id\":\"https:\/\/www.labarberia.net\/ca\/colleccio-unknown-world\/\",\"url\":\"https:\/\/www.labarberia.net\/ca\/colleccio-unknown-world\/\",\"name\":\"Col\u00b7lecci\u00f3 \\\"Unknown world\\\" - La Barberia de Gr\u00e0cia\",\"isPartOf\":{\"@id\":\"https:\/\/www.labarberia.net\/#website\"},\"primaryImageOfPage\":{\"@id\":\"https:\/\/www.labarberia.net\/ca\/colleccio-unknown-world\/#primaryimage\"},\"image\":{\"@id\":\"https:\/\/www.labarberia.net\/ca\/colleccio-unknown-world\/#primaryimage\"},\"thumbnailUrl\":\"https:\/\/www.labarberia.net\/wp-content\/uploads\/2021\/07\/WOMEN01-scaled.jpg\",\"datePublished\":\"2021-11-29T15:06:45+00:00\",\"dateModified\":\"2021-11-29T15:06:46+00:00\",\"breadcrumb\":{\"@id\":\"https:\/\/www.labarberia.net\/ca\/colleccio-unknown-world\/#breadcrumb\"},\"inLanguage\":\"ca\",\"potentialAction\":[{\"@type\":\"ReadAction\",\"target\":[\"https:\/\/www.labarberia.net\/ca\/colleccio-unknown-world\/\"]}]},{\"@type\":\"ImageObject\",\"inLanguage\":\"ca\",\"@id\":\"https:\/\/www.labarberia.net\/ca\/colleccio-unknown-world\/#primaryimage\",\"url\":\"https:\/\/www.labarberia.net\/wp-content\/uploads\/2021\/07\/WOMEN01-scaled.jpg\",\"contentUrl\":\"https:\/\/www.labarberia.net\/wp-content\/uploads\/2021\/07\/WOMEN01-scaled.jpg\"},{\"@type\":\"BreadcrumbList\",\"@id\":\"https:\/\/www.labarberia.net\/ca\/colleccio-unknown-world\/#breadcrumb\",\"itemListElement\":[{\"@type\":\"ListItem\",\"position\":1,\"name\":\"Home\",\"item\":\"https:\/\/www.labarberia.net\/ca\/\"},{\"@type\":\"ListItem\",\"position\":2,\"name\":\"Col\u00b7lecci\u00f3 &#8220;Unknown world&#8221;\"}]},{\"@type\":\"WebSite\",\"@id\":\"https:\/\/www.labarberia.net\/#website\",\"url\":\"https:\/\/www.labarberia.net\/\",\"name\":\"La Barberia de Gr\u00e0cia\",\"description\":\"Peluqueria masculina para hombres\",\"publisher\":{\"@id\":\"https:\/\/www.labarberia.net\/#organization\"},\"potentialAction\":[{\"@type\":\"SearchAction\",\"target\":{\"@type\":\"EntryPoint\",\"urlTemplate\":\"https:\/\/www.labarberia.net\/?s={search_term_string}\"},\"query-input\":{\"@type\":\"PropertyValueSpecification\",\"valueRequired\":true,\"valueName\":\"search_term_string\"}}],\"inLanguage\":\"ca\"},{\"@type\":\"Organization\",\"@id\":\"https:\/\/www.labarberia.net\/#organization\",\"name\":\"La Barberia de Gr\u00e0cia\",\"url\":\"https:\/\/www.labarberia.net\/\",\"logo\":{\"@type\":\"ImageObject\",\"inLanguage\":\"ca\",\"@id\":\"https:\/\/www.labarberia.net\/#\/schema\/logo\/image\/\",\"url\":\"https:\/\/www.labarberia.net\/wp-content\/uploads\/2021\/06\/LogoLaBarberia-black.png\",\"contentUrl\":\"https:\/\/www.labarberia.net\/wp-content\/uploads\/2021\/06\/LogoLaBarberia-black.png\",\"width\":1782,\"height\":144,\"caption\":\"La Barberia de Gr\u00e0cia\"},\"image\":{\"@id\":\"https:\/\/www.labarberia.net\/#\/schema\/logo\/image\/\"},\"sameAs\":[\"https:\/\/www.facebook.com\/la.barberia.de.gracia\",\"https:\/\/x.com\/jordilabarberia\",\"https:\/\/www.instagram.com\/labarberia\"]}]}<\/script>\n<!-- \/ Yoast SEO plugin. -->","yoast_head_json":{"title":"Col\u00b7lecci\u00f3 \"Unknown world\" - La Barberia de Gr\u00e0cia","robots":{"index":"index","follow":"follow","max-snippet":"max-snippet:-1","max-image-preview":"max-image-preview:large","max-video-preview":"max-video-preview:-1"},"canonical":"https:\/\/www.labarberia.net\/ca\/colleccio-unknown-world\/","og_locale":"ca_ES","og_type":"article","og_title":"Col\u00b7lecci\u00f3 \"Unknown world\" - La Barberia de Gr\u00e0cia","og_description":"COL\u00b7LECCIONS Unknown world L&#8217;univers femen\u00ed, tan complex com apassionant, per\u00f2 tan lluny\u00e0 per a nosaltres professionalment,\u00a0som barbers. Hem decidit endinsar-nos i explorar alguna de les infinites possibilitats que ens oferia el fet de treballar (per primera vegada) amb dones. I hem quedat encantats amb el resultat. Formes, colors, textures, geometries\u2026 tot all\u00f2 que tantes altres [&hellip;]","og_url":"https:\/\/www.labarberia.net\/ca\/colleccio-unknown-world\/","og_site_name":"La Barberia de Gr\u00e0cia","article_publisher":"https:\/\/www.facebook.com\/la.barberia.de.gracia","article_modified_time":"2021-11-29T15:06:46+00:00","og_image":[{"url":"https:\/\/www.labarberia.net\/wp-content\/uploads\/2021\/07\/WOMEN01-scaled.jpg","type":"","width":"","height":""}],"twitter_card":"summary_large_image","twitter_site":"@jordilabarberia","twitter_misc":{"Temps estimat de lectura":"1 minut"},"schema":{"@context":"https:\/\/schema.org","@graph":[{"@type":"WebPage","@id":"https:\/\/www.labarberia.net\/ca\/colleccio-unknown-world\/","url":"https:\/\/www.labarberia.net\/ca\/colleccio-unknown-world\/","name":"Col\u00b7lecci\u00f3 \"Unknown world\" - La Barberia de Gr\u00e0cia","isPartOf":{"@id":"https:\/\/www.labarberia.net\/#website"},"primaryImageOfPage":{"@id":"https:\/\/www.labarberia.net\/ca\/colleccio-unknown-world\/#primaryimage"},"image":{"@id":"https:\/\/www.labarberia.net\/ca\/colleccio-unknown-world\/#primaryimage"},"thumbnailUrl":"https:\/\/www.labarberia.net\/wp-content\/uploads\/2021\/07\/WOMEN01-scaled.jpg","datePublished":"2021-11-29T15:06:45+00:00","dateModified":"2021-11-29T15:06:46+00:00","breadcrumb":{"@id":"https:\/\/www.labarberia.net\/ca\/colleccio-unknown-world\/#breadcrumb"},"inLanguage":"ca","potentialAction":[{"@type":"ReadAction","target":["https:\/\/www.labarberia.net\/ca\/colleccio-unknown-world\/"]}]},{"@type":"ImageObject","inLanguage":"ca","@id":"https:\/\/www.labarberia.net\/ca\/colleccio-unknown-world\/#primaryimage","url":"https:\/\/www.labarberia.net\/wp-content\/uploads\/2021\/07\/WOMEN01-scaled.jpg","contentUrl":"https:\/\/www.labarberia.net\/wp-content\/uploads\/2021\/07\/WOMEN01-scaled.jpg"},{"@type":"BreadcrumbList","@id":"https:\/\/www.labarberia.net\/ca\/colleccio-unknown-world\/#breadcrumb","itemListElement":[{"@type":"ListItem","position":1,"name":"Home","item":"https:\/\/www.labarberia.net\/ca\/"},{"@type":"ListItem","position":2,"name":"Col\u00b7lecci\u00f3 &#8220;Unknown world&#8221;"}]},{"@type":"WebSite","@id":"https:\/\/www.labarberia.net\/#website","url":"https:\/\/www.labarberia.net\/","name":"La Barberia de Gr\u00e0cia","description":"Peluqueria masculina para hombres","publisher":{"@id":"https:\/\/www.labarberia.net\/#organization"},"potentialAction":[{"@type":"SearchAction","target":{"@type":"EntryPoint","urlTemplate":"https:\/\/www.labarberia.net\/?s={search_term_string}"},"query-input":{"@type":"PropertyValueSpecification","valueRequired":true,"valueName":"search_term_string"}}],"inLanguage":"ca"},{"@type":"Organization","@id":"https:\/\/www.labarberia.net\/#organization","name":"La Barberia de Gr\u00e0cia","url":"https:\/\/www.labarberia.net\/","logo":{"@type":"ImageObject","inLanguage":"ca","@id":"https:\/\/www.labarberia.net\/#\/schema\/logo\/image\/","url":"https:\/\/www.labarberia.net\/wp-content\/uploads\/2021\/06\/LogoLaBarberia-black.png","contentUrl":"https:\/\/www.labarberia.net\/wp-content\/uploads\/2021\/06\/LogoLaBarberia-black.png","width":1782,"height":144,"caption":"La Barberia de Gr\u00e0cia"},"image":{"@id":"https:\/\/www.labarberia.net\/#\/schema\/logo\/image\/"},"sameAs":["https:\/\/www.facebook.com\/la.barberia.de.gracia","https:\/\/x.com\/jordilabarberia","https:\/\/www.instagram.com\/labarberia"]}]}},"_links":{"self":[{"href":"https:\/\/www.labarberia.net\/ca\/wp-json\/wp\/v2\/pages\/3167","targetHints":{"allow":["GET"]}}],"collection":[{"href":"https:\/\/www.labarberia.net\/ca\/wp-json\/wp\/v2\/pages"}],"about":[{"href":"https:\/\/www.labarberia.net\/ca\/wp-json\/wp\/v2\/types\/page"}],"author":[{"embeddable":true,"href":"https:\/\/www.labarberia.net\/ca\/wp-json\/wp\/v2\/users\/1"}],"replies":[{"embeddable":true,"href":"https:\/\/www.labarberia.net\/ca\/wp-json\/wp\/v2\/comments?post=3167"}],"version-history":[{"count":1,"href":"https:\/\/www.labarberia.net\/ca\/wp-json\/wp\/v2\/pages\/3167\/revisions"}],"predecessor-version":[{"id":3168,"href":"https:\/\/www.labarberia.net\/ca\/wp-json\/wp\/v2\/pages\/3167\/revisions\/3168"}],"wp:attachment":[{"href":"https:\/\/www.labarberia.net\/ca\/wp-json\/wp\/v2\/media?parent=3167"}],"wp:term":[{"taxonomy":"category","embeddable":true,"href":"https:\/\/www.labarberia.net\/ca\/wp-json\/wp\/v2\/categories?post=3167"},{"taxonomy":"post_tag","embeddable":true,"href":"https:\/\/www.labarberia.net\/ca\/wp-json\/wp\/v2\/tags?post=3167"}],"curies":[{"name":"wp","href":"https:\/\/api.w.org\/{rel}","templated":true}]}}