{"id":3162,"date":"2021-11-29T16:59:40","date_gmt":"2021-11-29T14:59:40","guid":{"rendered":"https:\/\/www.labarberia.net\/colleccio-multiverse\/"},"modified":"2021-11-29T16:59:41","modified_gmt":"2021-11-29T14:59:41","slug":"colleccio-multiverse","status":"publish","type":"page","link":"https:\/\/www.labarberia.net\/ca\/colleccio-multiverse\/","title":{"rendered":"Col\u00b7lecci\u00f3 &#8220;Multiverse&#8221;"},"content":{"rendered":"\t\t<div data-elementor-type=\"wp-page\" data-elementor-id=\"3162\" class=\"elementor elementor-3162 elementor-1675\" data-elementor-post-type=\"page\">\n\t\t\t\t\t\t<section class=\"elementor-section elementor-top-section elementor-element elementor-element-74f4b554 elementor-section-boxed elementor-section-height-default elementor-section-height-default\" data-id=\"74f4b554\" data-element_type=\"section\" data-settings=\"{&quot;background_background&quot;:&quot;classic&quot;}\">\n\t\t\t\t\t\t<div class=\"elementor-container elementor-column-gap-default\">\n\t\t\t\t\t<div class=\"elementor-column elementor-col-100 elementor-top-column elementor-element elementor-element-200979f3\" data-id=\"200979f3\" data-element_type=\"column\">\n\t\t\t<div class=\"elementor-widget-wrap elementor-element-populated\">\n\t\t\t\t\t\t<div class=\"elementor-element elementor-element-5272286 elementor-invisible elementor-widget elementor-widget-text-editor\" data-id=\"5272286\" data-element_type=\"widget\" data-settings=\"{&quot;_animation&quot;:&quot;fadeIn&quot;}\" data-widget_type=\"text-editor.default\">\n\t\t\t\t<div class=\"elementor-widget-container\">\n\t\t\t\t\t\t\t\t\t<p><a href=\"https:\/\/www.labarberia.net\/ca\/colleccions\/\"><u>COL\u00b7LECCIONS<\/u><\/a><\/p>\n\t\t\t\t\t\t\t\t<\/div>\n\t\t\t\t<\/div>\n\t\t\t\t<div class=\"elementor-element elementor-element-2bae8147 elementor-invisible elementor-widget elementor-widget-heading\" data-id=\"2bae8147\" data-element_type=\"widget\" data-settings=\"{&quot;_animation&quot;:&quot;fadeIn&quot;}\" data-widget_type=\"heading.default\">\n\t\t\t\t<div class=\"elementor-widget-container\">\n\t\t\t\t\t<h2 class=\"elementor-heading-title elementor-size-default\">Multiverse<\/h2>\t\t\t\t<\/div>\n\t\t\t\t<\/div>\n\t\t\t\t<div class=\"elementor-element elementor-element-366950db elementor-invisible elementor-widget elementor-widget-image\" data-id=\"366950db\" data-element_type=\"widget\" data-settings=\"{&quot;_animation&quot;:&quot;fadeInUp&quot;}\" data-widget_type=\"image.default\">\n\t\t\t\t<div class=\"elementor-widget-container\">\n\t\t\t\t\t\t\t\t\t\t\t\t\t\t\t<img decoding=\"async\" src=\"https:\/\/www.labarberia.net\/wp-content\/uploads\/2021\/07\/MEN01-scaled.jpg\" title=\"MEN01\" alt=\"Colecci\u00f3n Multiverse\" loading=\"lazy\" \/>\t\t\t\t\t\t\t\t\t\t\t\t\t\t\t<\/div>\n\t\t\t\t<\/div>\n\t\t\t\t<div class=\"elementor-element elementor-element-149543d8 elementor-invisible elementor-widget elementor-widget-text-editor\" data-id=\"149543d8\" data-element_type=\"widget\" data-settings=\"{&quot;_animation&quot;:&quot;fadeIn&quot;}\" data-widget_type=\"text-editor.default\">\n\t\t\t\t<div class=\"elementor-widget-container\">\n\t\t\t\t\t\t\t\t\t<div class=\"traductor-textarea form-group\">\n<div class=\"textarea-desti col-xs-12 col-sm-6\">\n<div class=\"form-control second-textarea\">En la teoria del multivers, o dels Universos Paral\u00b7lels, es poden donar totes les realitats possibles, i aix\u00f2 \u00e9s el que hem fet en la col\u00b7lecci\u00f3 Multiverse, inventar-nos una \u00e8poca inspirada en diferents corrents art\u00edstics de diferents per\u00edodes.<\/div>\n<\/div>\n<\/div>\n\t\t\t\t\t\t\t\t<\/div>\n\t\t\t\t<\/div>\n\t\t\t\t<div class=\"elementor-element elementor-element-1cc33e9a elementor-invisible elementor-widget elementor-widget-image\" data-id=\"1cc33e9a\" data-element_type=\"widget\" data-settings=\"{&quot;_animation&quot;:&quot;fadeInRight&quot;}\" data-widget_type=\"image.default\">\n\t\t\t\t<div class=\"elementor-widget-container\">\n\t\t\t\t\t\t\t\t\t\t\t\t\t\t\t<img decoding=\"async\" src=\"https:\/\/www.labarberia.net\/wp-content\/uploads\/elementor\/thumbs\/MEN02-scaled-pgs3o22x9rafbczpfz1vbd7p25erkq1x4ohhsniu42.jpg\" title=\"MEN02\" alt=\"Colecci\u00f3n Multiverse\" loading=\"lazy\" \/>\t\t\t\t\t\t\t\t\t\t\t\t\t\t\t<\/div>\n\t\t\t\t<\/div>\n\t\t\t\t<div class=\"elementor-element elementor-element-32ad445f elementor-invisible elementor-widget elementor-widget-image\" data-id=\"32ad445f\" data-element_type=\"widget\" data-settings=\"{&quot;_animation&quot;:&quot;fadeInRight&quot;}\" data-widget_type=\"image.default\">\n\t\t\t\t<div class=\"elementor-widget-container\">\n\t\t\t\t\t\t\t\t\t\t\t\t\t\t\t<img decoding=\"async\" src=\"https:\/\/www.labarberia.net\/wp-content\/uploads\/elementor\/thumbs\/MEN03-scaled-pgs3mjka9d7slz6wabhiaqyylsvh6a1hl6nbylro1c.jpg\" title=\"MEN03\" alt=\"Colecci\u00f3n Multiverse\" loading=\"lazy\" \/>\t\t\t\t\t\t\t\t\t\t\t\t\t\t\t<\/div>\n\t\t\t\t<\/div>\n\t\t\t\t<div class=\"elementor-element elementor-element-632cb53 elementor-invisible elementor-widget elementor-widget-text-editor\" data-id=\"632cb53\" data-element_type=\"widget\" data-settings=\"{&quot;_animation&quot;:&quot;fadeIn&quot;}\" data-widget_type=\"text-editor.default\">\n\t\t\t\t<div class=\"elementor-widget-container\">\n\t\t\t\t\t\t\t\t\t<p>En el nostre univers particular, es combinen els complements i colors amb total llibertat, sempre que tinguin una harmonia. I en el cabell busquem precisament aix\u00f2 mateix, que la forma principal del per\u00edmetre del cap tingui un equilibri amb el conjunt.<\/p>\n<p>Hem volgut treballar amb mesures mitjanes i llargues, perqu\u00e8 s\u00f3n les que ens han perm\u00e8s crear els estils que m\u00e9s triomfen en el nostre m\u00f3n particular.<\/p>\n\t\t\t\t\t\t\t\t<\/div>\n\t\t\t\t<\/div>\n\t\t\t\t<div class=\"elementor-element elementor-element-4813a1d4 elementor-invisible elementor-widget elementor-widget-image\" data-id=\"4813a1d4\" data-element_type=\"widget\" data-settings=\"{&quot;_animation&quot;:&quot;fadeInLeft&quot;}\" data-widget_type=\"image.default\">\n\t\t\t\t<div class=\"elementor-widget-container\">\n\t\t\t\t\t\t\t\t\t\t\t\t\t\t\t<img decoding=\"async\" src=\"https:\/\/www.labarberia.net\/wp-content\/uploads\/elementor\/thumbs\/MEN04-scaled-pgs3kwcgasyqajkww3w0fnwx6izcpcied1jqq67h0y.jpg\" title=\"MEN04\" alt=\"Colecci\u00f3n Multiverse\" loading=\"lazy\" \/>\t\t\t\t\t\t\t\t\t\t\t\t\t\t\t<\/div>\n\t\t\t\t<\/div>\n\t\t\t\t<div class=\"elementor-element elementor-element-19ce82c3 elementor-invisible elementor-widget elementor-widget-text-editor\" data-id=\"19ce82c3\" data-element_type=\"widget\" data-settings=\"{&quot;_animation&quot;:&quot;fadeIn&quot;}\" data-widget_type=\"text-editor.default\">\n\t\t\t\t<div class=\"elementor-widget-container\">\n\t\t\t\t\t\t\t\t\t<p>Estils masculins, geometries molt marcades, pentinats elaborats, en homes de mirada neta i frontal.<\/p>\n<p>Estan aqu\u00ed mateix, en l&#8217;altre Costat.<\/p>\n\t\t\t\t\t\t\t\t<\/div>\n\t\t\t\t<\/div>\n\t\t\t\t<div class=\"elementor-element elementor-element-3243fa71 elementor-invisible elementor-widget elementor-widget-image\" data-id=\"3243fa71\" data-element_type=\"widget\" data-settings=\"{&quot;_animation&quot;:&quot;fadeInUp&quot;}\" data-widget_type=\"image.default\">\n\t\t\t\t<div class=\"elementor-widget-container\">\n\t\t\t\t\t\t\t\t\t\t\t\t\t\t\t<img decoding=\"async\" src=\"https:\/\/www.labarberia.net\/wp-content\/uploads\/elementor\/thumbs\/MEN05-scaled-pgs3jqzjy3e43p8zlm0fdycn1kn7any7jcudlzwsmq.jpg\" title=\"MEN05\" alt=\"Colecci\u00f3n Multiverse\" loading=\"lazy\" \/>\t\t\t\t\t\t\t\t\t\t\t\t\t\t\t<\/div>\n\t\t\t\t<\/div>\n\t\t\t\t<div class=\"elementor-element elementor-element-23b9cbed elementor-invisible elementor-widget elementor-widget-text-editor\" data-id=\"23b9cbed\" data-element_type=\"widget\" data-settings=\"{&quot;_animation&quot;:&quot;fadeIn&quot;}\" data-widget_type=\"text-editor.default\">\n\t\t\t\t<div class=\"elementor-widget-container\">\n\t\t\t\t\t\t\t\t\t<p>CREDITS<\/p>\n<p><span data-contrast=\"auto\"><strong>Hairdresser<\/strong>: Jordi P\u00e9rez \u2013 La Barberia de Gr\u00e0cia<\/span><span data-ccp-props=\"{\">\u00a0<br \/><\/span><span data-contrast=\"auto\"><strong>Photographer<\/strong>:\u00a0Sergi\u00a0Jasanada<\/span><span data-ccp-props=\"{\">\u00a0<br \/><\/span><span data-contrast=\"auto\"><strong>Makeup<\/strong>:\u00a0<\/span><span data-contrast=\"auto\">M\u00f3nica\u00a0Mart\u00ednez<\/span><span data-ccp-props=\"{\">\u00a0<br \/><\/span><span data-contrast=\"auto\"><strong>Costumes<\/strong>:\u00a0\u00c1ngel Cabezuelo<\/span><span data-ccp-props=\"{\">\u00a0<\/span><\/p>\n\t\t\t\t\t\t\t\t<\/div>\n\t\t\t\t<\/div>\n\t\t\t\t\t<\/div>\n\t\t<\/div>\n\t\t\t\t\t<\/div>\n\t\t<\/section>\n\t\t\t\t<\/div>\n\t\t","protected":false},"excerpt":{"rendered":"<p>COL\u00b7LECCIONS Multiverse En la teoria del multivers, o dels Universos Paral\u00b7lels, es poden donar totes les realitats possibles, i aix\u00f2 \u00e9s el que hem fet en la col\u00b7lecci\u00f3 Multiverse, inventar-nos una \u00e8poca inspirada en diferents corrents art\u00edstics de diferents per\u00edodes. En el nostre univers particular, es combinen els complements i colors amb total llibertat, sempre [&hellip;]<\/p>\n","protected":false},"author":1,"featured_media":0,"parent":0,"menu_order":0,"comment_status":"closed","ping_status":"closed","template":"","meta":{"footnotes":""},"categories":[],"tags":[],"class_list":["post-3162","page","type-page","status-publish","hentry"],"acf":[],"yoast_head":"<!-- This site is optimized with the Yoast SEO plugin v25.3.1 - https:\/\/yoast.com\/wordpress\/plugins\/seo\/ -->\n<title>Col\u00b7lecci\u00f3 &quot;Multiverse&quot; - La Barberia de Gr\u00e0cia<\/title>\n<meta name=\"robots\" content=\"index, follow, max-snippet:-1, max-image-preview:large, max-video-preview:-1\" \/>\n<link rel=\"canonical\" href=\"https:\/\/www.labarberia.net\/ca\/colleccio-multiverse\/\" \/>\n<meta property=\"og:locale\" content=\"ca_ES\" \/>\n<meta property=\"og:type\" content=\"article\" \/>\n<meta property=\"og:title\" content=\"Col\u00b7lecci\u00f3 &quot;Multiverse&quot; - La Barberia de Gr\u00e0cia\" \/>\n<meta property=\"og:description\" content=\"COL\u00b7LECCIONS Multiverse En la teoria del multivers, o dels Universos Paral\u00b7lels, es poden donar totes les realitats possibles, i aix\u00f2 \u00e9s el que hem fet en la col\u00b7lecci\u00f3 Multiverse, inventar-nos una \u00e8poca inspirada en diferents corrents art\u00edstics de diferents per\u00edodes. En el nostre univers particular, es combinen els complements i colors amb total llibertat, sempre [&hellip;]\" \/>\n<meta property=\"og:url\" content=\"https:\/\/www.labarberia.net\/ca\/colleccio-multiverse\/\" \/>\n<meta property=\"og:site_name\" content=\"La Barberia de Gr\u00e0cia\" \/>\n<meta property=\"article:publisher\" content=\"https:\/\/www.facebook.com\/la.barberia.de.gracia\" \/>\n<meta property=\"article:modified_time\" content=\"2021-11-29T14:59:41+00:00\" \/>\n<meta property=\"og:image\" content=\"https:\/\/www.labarberia.net\/wp-content\/uploads\/2021\/07\/MEN01-scaled.jpg\" \/>\n<meta name=\"twitter:card\" content=\"summary_large_image\" \/>\n<meta name=\"twitter:site\" content=\"@jordilabarberia\" \/>\n<meta name=\"twitter:label1\" content=\"Temps estimat de lectura\" \/>\n\t<meta name=\"twitter:data1\" content=\"1 minut\" \/>\n<script type=\"application\/ld+json\" class=\"yoast-schema-graph\">{\"@context\":\"https:\/\/schema.org\",\"@graph\":[{\"@type\":\"WebPage\",\"@id\":\"https:\/\/www.labarberia.net\/ca\/colleccio-multiverse\/\",\"url\":\"https:\/\/www.labarberia.net\/ca\/colleccio-multiverse\/\",\"name\":\"Col\u00b7lecci\u00f3 \\\"Multiverse\\\" - La Barberia de Gr\u00e0cia\",\"isPartOf\":{\"@id\":\"https:\/\/www.labarberia.net\/#website\"},\"primaryImageOfPage\":{\"@id\":\"https:\/\/www.labarberia.net\/ca\/colleccio-multiverse\/#primaryimage\"},\"image\":{\"@id\":\"https:\/\/www.labarberia.net\/ca\/colleccio-multiverse\/#primaryimage\"},\"thumbnailUrl\":\"https:\/\/www.labarberia.net\/wp-content\/uploads\/2021\/07\/MEN01-scaled.jpg\",\"datePublished\":\"2021-11-29T14:59:40+00:00\",\"dateModified\":\"2021-11-29T14:59:41+00:00\",\"breadcrumb\":{\"@id\":\"https:\/\/www.labarberia.net\/ca\/colleccio-multiverse\/#breadcrumb\"},\"inLanguage\":\"ca\",\"potentialAction\":[{\"@type\":\"ReadAction\",\"target\":[\"https:\/\/www.labarberia.net\/ca\/colleccio-multiverse\/\"]}]},{\"@type\":\"ImageObject\",\"inLanguage\":\"ca\",\"@id\":\"https:\/\/www.labarberia.net\/ca\/colleccio-multiverse\/#primaryimage\",\"url\":\"https:\/\/www.labarberia.net\/wp-content\/uploads\/2021\/07\/MEN01-scaled.jpg\",\"contentUrl\":\"https:\/\/www.labarberia.net\/wp-content\/uploads\/2021\/07\/MEN01-scaled.jpg\"},{\"@type\":\"BreadcrumbList\",\"@id\":\"https:\/\/www.labarberia.net\/ca\/colleccio-multiverse\/#breadcrumb\",\"itemListElement\":[{\"@type\":\"ListItem\",\"position\":1,\"name\":\"Home\",\"item\":\"https:\/\/www.labarberia.net\/ca\/\"},{\"@type\":\"ListItem\",\"position\":2,\"name\":\"Col\u00b7lecci\u00f3 &#8220;Multiverse&#8221;\"}]},{\"@type\":\"WebSite\",\"@id\":\"https:\/\/www.labarberia.net\/#website\",\"url\":\"https:\/\/www.labarberia.net\/\",\"name\":\"La Barberia de Gr\u00e0cia\",\"description\":\"Peluqueria masculina para hombres\",\"publisher\":{\"@id\":\"https:\/\/www.labarberia.net\/#organization\"},\"potentialAction\":[{\"@type\":\"SearchAction\",\"target\":{\"@type\":\"EntryPoint\",\"urlTemplate\":\"https:\/\/www.labarberia.net\/?s={search_term_string}\"},\"query-input\":{\"@type\":\"PropertyValueSpecification\",\"valueRequired\":true,\"valueName\":\"search_term_string\"}}],\"inLanguage\":\"ca\"},{\"@type\":\"Organization\",\"@id\":\"https:\/\/www.labarberia.net\/#organization\",\"name\":\"La Barberia de Gr\u00e0cia\",\"url\":\"https:\/\/www.labarberia.net\/\",\"logo\":{\"@type\":\"ImageObject\",\"inLanguage\":\"ca\",\"@id\":\"https:\/\/www.labarberia.net\/#\/schema\/logo\/image\/\",\"url\":\"https:\/\/www.labarberia.net\/wp-content\/uploads\/2021\/06\/LogoLaBarberia-black.png\",\"contentUrl\":\"https:\/\/www.labarberia.net\/wp-content\/uploads\/2021\/06\/LogoLaBarberia-black.png\",\"width\":1782,\"height\":144,\"caption\":\"La Barberia de Gr\u00e0cia\"},\"image\":{\"@id\":\"https:\/\/www.labarberia.net\/#\/schema\/logo\/image\/\"},\"sameAs\":[\"https:\/\/www.facebook.com\/la.barberia.de.gracia\",\"https:\/\/x.com\/jordilabarberia\",\"https:\/\/www.instagram.com\/labarberia\"]}]}<\/script>\n<!-- \/ Yoast SEO plugin. -->","yoast_head_json":{"title":"Col\u00b7lecci\u00f3 \"Multiverse\" - La Barberia de Gr\u00e0cia","robots":{"index":"index","follow":"follow","max-snippet":"max-snippet:-1","max-image-preview":"max-image-preview:large","max-video-preview":"max-video-preview:-1"},"canonical":"https:\/\/www.labarberia.net\/ca\/colleccio-multiverse\/","og_locale":"ca_ES","og_type":"article","og_title":"Col\u00b7lecci\u00f3 \"Multiverse\" - La Barberia de Gr\u00e0cia","og_description":"COL\u00b7LECCIONS Multiverse En la teoria del multivers, o dels Universos Paral\u00b7lels, es poden donar totes les realitats possibles, i aix\u00f2 \u00e9s el que hem fet en la col\u00b7lecci\u00f3 Multiverse, inventar-nos una \u00e8poca inspirada en diferents corrents art\u00edstics de diferents per\u00edodes. En el nostre univers particular, es combinen els complements i colors amb total llibertat, sempre [&hellip;]","og_url":"https:\/\/www.labarberia.net\/ca\/colleccio-multiverse\/","og_site_name":"La Barberia de Gr\u00e0cia","article_publisher":"https:\/\/www.facebook.com\/la.barberia.de.gracia","article_modified_time":"2021-11-29T14:59:41+00:00","og_image":[{"url":"https:\/\/www.labarberia.net\/wp-content\/uploads\/2021\/07\/MEN01-scaled.jpg","type":"","width":"","height":""}],"twitter_card":"summary_large_image","twitter_site":"@jordilabarberia","twitter_misc":{"Temps estimat de lectura":"1 minut"},"schema":{"@context":"https:\/\/schema.org","@graph":[{"@type":"WebPage","@id":"https:\/\/www.labarberia.net\/ca\/colleccio-multiverse\/","url":"https:\/\/www.labarberia.net\/ca\/colleccio-multiverse\/","name":"Col\u00b7lecci\u00f3 \"Multiverse\" - La Barberia de Gr\u00e0cia","isPartOf":{"@id":"https:\/\/www.labarberia.net\/#website"},"primaryImageOfPage":{"@id":"https:\/\/www.labarberia.net\/ca\/colleccio-multiverse\/#primaryimage"},"image":{"@id":"https:\/\/www.labarberia.net\/ca\/colleccio-multiverse\/#primaryimage"},"thumbnailUrl":"https:\/\/www.labarberia.net\/wp-content\/uploads\/2021\/07\/MEN01-scaled.jpg","datePublished":"2021-11-29T14:59:40+00:00","dateModified":"2021-11-29T14:59:41+00:00","breadcrumb":{"@id":"https:\/\/www.labarberia.net\/ca\/colleccio-multiverse\/#breadcrumb"},"inLanguage":"ca","potentialAction":[{"@type":"ReadAction","target":["https:\/\/www.labarberia.net\/ca\/colleccio-multiverse\/"]}]},{"@type":"ImageObject","inLanguage":"ca","@id":"https:\/\/www.labarberia.net\/ca\/colleccio-multiverse\/#primaryimage","url":"https:\/\/www.labarberia.net\/wp-content\/uploads\/2021\/07\/MEN01-scaled.jpg","contentUrl":"https:\/\/www.labarberia.net\/wp-content\/uploads\/2021\/07\/MEN01-scaled.jpg"},{"@type":"BreadcrumbList","@id":"https:\/\/www.labarberia.net\/ca\/colleccio-multiverse\/#breadcrumb","itemListElement":[{"@type":"ListItem","position":1,"name":"Home","item":"https:\/\/www.labarberia.net\/ca\/"},{"@type":"ListItem","position":2,"name":"Col\u00b7lecci\u00f3 &#8220;Multiverse&#8221;"}]},{"@type":"WebSite","@id":"https:\/\/www.labarberia.net\/#website","url":"https:\/\/www.labarberia.net\/","name":"La Barberia de Gr\u00e0cia","description":"Peluqueria masculina para hombres","publisher":{"@id":"https:\/\/www.labarberia.net\/#organization"},"potentialAction":[{"@type":"SearchAction","target":{"@type":"EntryPoint","urlTemplate":"https:\/\/www.labarberia.net\/?s={search_term_string}"},"query-input":{"@type":"PropertyValueSpecification","valueRequired":true,"valueName":"search_term_string"}}],"inLanguage":"ca"},{"@type":"Organization","@id":"https:\/\/www.labarberia.net\/#organization","name":"La Barberia de Gr\u00e0cia","url":"https:\/\/www.labarberia.net\/","logo":{"@type":"ImageObject","inLanguage":"ca","@id":"https:\/\/www.labarberia.net\/#\/schema\/logo\/image\/","url":"https:\/\/www.labarberia.net\/wp-content\/uploads\/2021\/06\/LogoLaBarberia-black.png","contentUrl":"https:\/\/www.labarberia.net\/wp-content\/uploads\/2021\/06\/LogoLaBarberia-black.png","width":1782,"height":144,"caption":"La Barberia de Gr\u00e0cia"},"image":{"@id":"https:\/\/www.labarberia.net\/#\/schema\/logo\/image\/"},"sameAs":["https:\/\/www.facebook.com\/la.barberia.de.gracia","https:\/\/x.com\/jordilabarberia","https:\/\/www.instagram.com\/labarberia"]}]}},"_links":{"self":[{"href":"https:\/\/www.labarberia.net\/ca\/wp-json\/wp\/v2\/pages\/3162","targetHints":{"allow":["GET"]}}],"collection":[{"href":"https:\/\/www.labarberia.net\/ca\/wp-json\/wp\/v2\/pages"}],"about":[{"href":"https:\/\/www.labarberia.net\/ca\/wp-json\/wp\/v2\/types\/page"}],"author":[{"embeddable":true,"href":"https:\/\/www.labarberia.net\/ca\/wp-json\/wp\/v2\/users\/1"}],"replies":[{"embeddable":true,"href":"https:\/\/www.labarberia.net\/ca\/wp-json\/wp\/v2\/comments?post=3162"}],"version-history":[{"count":1,"href":"https:\/\/www.labarberia.net\/ca\/wp-json\/wp\/v2\/pages\/3162\/revisions"}],"predecessor-version":[{"id":3163,"href":"https:\/\/www.labarberia.net\/ca\/wp-json\/wp\/v2\/pages\/3162\/revisions\/3163"}],"wp:attachment":[{"href":"https:\/\/www.labarberia.net\/ca\/wp-json\/wp\/v2\/media?parent=3162"}],"wp:term":[{"taxonomy":"category","embeddable":true,"href":"https:\/\/www.labarberia.net\/ca\/wp-json\/wp\/v2\/categories?post=3162"},{"taxonomy":"post_tag","embeddable":true,"href":"https:\/\/www.labarberia.net\/ca\/wp-json\/wp\/v2\/tags?post=3162"}],"curies":[{"name":"wp","href":"https:\/\/api.w.org\/{rel}","templated":true}]}}